{"id":3791,"date":"2023-09-25T15:18:30","date_gmt":"2023-09-25T10:18:30","guid":{"rendered":"https:\/\/ambashgabat.esteri.it\/chi-siamo\/contatti\/"},"modified":"2025-03-18T14:10:15","modified_gmt":"2025-03-18T09:10:15","slug":"contatti","status":"publish","type":"page","link":"https:\/\/ambashgabat.esteri.it\/tk\/chi-siamo\/contatti\/","title":{"rendered":"Belgiler"},"content":{"rendered":"<p><span class=\"jCAhz\"><span class=\"ryNqvb\">Itali\u00fdany\u0148 T\u00fcrkmenistandaky il\u00e7ihanasy <\/span><\/span><span class=\"jCAhz ChMk0b\"><span class=\"ryNqvb\">139 \/ Azady k\u00f6\u00e7esi (\u00f6\u0148ki Engels k\u00f6\u00e7esi) <\/span><\/span><span class=\"jCAhz\"><span class=\"ryNqvb\">A\u015fgabat 744000<\/span><\/span><\/p>\n<p><a href=\"https:\/\/www.google.com\/search?q=37.94743196807433%2C+58.356384982947496&amp;rlz=1C1GGRV_enES855ES855&amp;oq=37.94743196807433%2C+58.356384982947496&amp;aqs=chrome..69i57.432346867j0j4&amp;sourceid=chrome&amp;ie=UTF-8\">Kartada g\u00f6rkez<\/a><\/p>\n<p>Kommutator: +993 12 36 92 12<br \/>\nFaks +993 12 36 93 29<br \/>\nashgabat.info@esteri.it<br \/>\nashgabat.segr@esteri.it<\/p>\n<p>Konsullyk b\u00f6l\u00fcmi we wizalar<br \/>\ntel. +99312 368910<br \/>\nE-po\u00e7ta: ashgabat.visti@esteri.it<\/p>\n<p>Kepilnamaly po\u00e7ta: amb.ashgabat@cert.esteri.it<br \/>\nSalgysy di\u0148e kepillendirilen e-po\u00e7ta (PEC) almaga m\u00fcmkin\u00e7ilik ber\u00fd\u00e4r.<\/p>\n","protected":false},"excerpt":{"rendered":"Itali\u00fdany\u0148 T\u00fcrkmenistandaky il\u00e7ihanasy 139 \/ Azady k\u00f6\u00e7esi (\u00f6\u0148ki Engels k\u00f6\u00e7esi) A\u015fgabat 744000 Kartada g\u00f6rkez Kommutator: +993 12 36 92 12 Faks +993 12 36 93 29 ashgabat.info@esteri.it ashgabat.segr@esteri.it Konsullyk b\u00f6l\u00fcmi we wizalar tel. +99312 368910 E-po\u00e7ta: ashgabat.visti@esteri.it Kepilnamaly po\u00e7ta: amb.ashgabat@cert.esteri.it Salgysy di\u0148e kepillendirilen e-po\u00e7ta (PEC) almaga m\u00fcmkin\u00e7ilik ber\u00fd\u00e4r.","protected":false},"author":1,"featured_media":0,"parent":3749,"menu_order":4,"comment_status":"closed","ping_status":"closed","template":"","meta":{"footnotes":""},"class_list":["post-3791","page","type-page","status-publish","hentry"],"_links":{"self":[{"href":"https:\/\/ambashgabat.esteri.it\/tk\/wp-json\/wp\/v2\/pages\/3791","targetHints":{"allow":["GET"]}}],"collection":[{"href":"https:\/\/ambashgabat.esteri.it\/tk\/wp-json\/wp\/v2\/pages"}],"about":[{"href":"https:\/\/ambashgabat.esteri.it\/tk\/wp-json\/wp\/v2\/types\/page"}],"author":[{"embeddable":true,"href":"https:\/\/ambashgabat.esteri.it\/tk\/wp-json\/wp\/v2\/users\/1"}],"replies":[{"embeddable":true,"href":"https:\/\/ambashgabat.esteri.it\/tk\/wp-json\/wp\/v2\/comments?post=3791"}],"version-history":[{"count":3,"href":"https:\/\/ambashgabat.esteri.it\/tk\/wp-json\/wp\/v2\/pages\/3791\/revisions"}],"predecessor-version":[{"id":7068,"href":"https:\/\/ambashgabat.esteri.it\/tk\/wp-json\/wp\/v2\/pages\/3791\/revisions\/7068"}],"up":[{"embeddable":true,"href":"https:\/\/ambashgabat.esteri.it\/tk\/wp-json\/wp\/v2\/pages\/3749"}],"wp:attachment":[{"href":"https:\/\/ambashgabat.esteri.it\/tk\/wp-json\/wp\/v2\/media?parent=3791"}],"curies":[{"name":"wp","href":"https:\/\/api.w.org\/{rel}","templated":true}]}}