{"id":3788,"date":"2023-04-11T18:01:19","date_gmt":"2023-04-11T13:01:19","guid":{"rendered":"https:\/\/ambashgabat.esteri.it\/chi-siamo\/gli-uffici\/"},"modified":"2026-04-30T10:40:52","modified_gmt":"2026-04-30T05:40:52","slug":"gli-uffici","status":"publish","type":"page","link":"https:\/\/ambashgabat.esteri.it\/tk\/chi-siamo\/gli-uffici\/","title":{"rendered":"Ofisler"},"content":{"rendered":"<p><a href=\"https:\/\/www.google.com\/search?q=37.94743196807433%2C+58.356384982947496&amp;rlz=1C1GGRV_enES855ES855&amp;oq=37.94743196807433%2C+58.356384982947496&amp;aqs=chrome..69i57.432346867j0j4&amp;sourceid=chrome&amp;ie=UTF-8\">Kartada g\u00f6rkez<\/a><\/p>\n<p>Itali\u00fdany\u0148 T\u00fcrkmenistandaky il\u00e7ihanasy<br \/>\n139 \/ Azady k\u00f6\u00e7esi (\u00f6\u0148ki Engels k\u00f6\u00e7esi)<br \/>\nA\u015fgabat 744000<br \/>\nKommutator: +993 12 36 92 12<br \/>\nFaks +993 12 36 93 29<\/p>\n<p>ashgabat.info@esteri.it<\/p>\n<p>ashgabat.segr@esteri.it<\/p>\n<p><strong>Konsullyk b\u00f6l\u00fcmi<\/strong><br \/>\nTelefon: +993 12 368910<br \/>\nE-po\u00e7ta: ashgabat.visti@esteri.it<\/p>\n<p><strong>2026-njy \u00fdyly\u0148 ba\u00fdram\u00e7ylyk kalendary:<\/strong><\/p>\n<p>01-nji \u00fdanwar- T\u00e4ze \u00fdyl ba\u00fdram\u00e7ylygy<br \/>\n21-nji mart- Nowruz Ba\u00fdram<br \/>\n6-njy aprel &#8211; Pasha<br \/>\n25-nji aprel &#8211; Itali\u00fdany\u0148 azat edili\u015f g\u00fcni<br \/>\n1-nji ma\u00fd &#8211; Z\u00e4hmet g\u00fcni\u00a0 \u00a0 \u00a0 \u00a0 \u00a0 \u00a0 \u00a0 \u00a0 \u00a0 \u00a0 \u00a0 \u00a0 \u00a0 \u00a0 \u00a0 \u00a0 \u00a0 \u00a0 \u00a0 \u00a0 \u00a0 \u00a0 \u00a0 \u00a0 \u00a0 \u00a0 \u00a0 \u00a0 \u00a0 \u00a0 \u00a0 \u00a0 \u00a0 \u00a0 \u00a0 \u00a0 \u00a0 \u00a0 \u00a0 \u00a0 \u00a0 \u00a0 \u00a0 \u00a0 \u00a0 \u00a0 \u00a0 \u00a0 \u00a0 \u00a0 \u00a0 \u00a0 \u00a0 \u00a0 \u00a0 \u00a0 \u00a0 \u00a0 \u00a0 \u00a0 \u00a0 \u00a0 \u00a0 \u00a0 \u00a0 \u00a0 \u00a0 \u00a0 \u00a0 \u00a0 \u00a0 \u00a0 \u00a0 \u00a0 \u00a0 \u00a0 \u00a0 \u00a0 \u00a0 \u00a0 \u00a0 \u00a0 \u00a0 \u00a0 \u00a0 \u00a0 \u00a0 \u00a0 \u00a0 \u00a0 \u00a0 \u00a0 \u00a0 \u00a0 \u00a0 \u00a0 \u00a0 \u00a0 \u00a0 \u00a0 \u00a0 \u00a0 \u00a0 \u00a0 \u00a0 \u00a0 \u00a0 \u00a0 \u00a0 \u00a0 \u00a0 \u00a0 \u00a0 \u00a0 \u00a0 \u00a0 \u00a0 \u00a0 \u00a0 \u00a0 \u00a0 \u00a0 \u00a0 \u00a0 \u00a0 \u00a0 \u00a0 \u00a0 \u00a0 \u00a0 \u00a0 \u00a0 \u00a0 \u00a0 \u00a0 \u00a0 \u00a0 \u00a0 \u00a0 \u00a0 \u00a0 \u00a0 \u00a0 \u00a0 \u00a0 \u00a0 \u00a0 \u00a0 \u00a0 \u00a0 \u00a0 \u00a0 \u00a0 \u00a0 \u00a0 \u00a0 \u00a0 \u00a0 \u00a0 \u00a0 \u00a0 \u00a0 \u00a0 \u00a0 \u00a0 \u00a0 \u00a0 \u00a0 \u00a0 \u00a0 \u00a0 \u00a0 \u00a0 27 ma\u00fd \u2014 Gurban ba\u00fdramy<br \/>\n2-nji i\u00fdun- Itali\u00fda Respublikasyny\u0148 g\u00fcni<br \/>\n15-nji awgust &#8211; Hz. Mer\u00fdemi\u0148 g\u00f6ge g\u00f6terilmegini\u0148 ba\u00fdramy<br \/>\n27-nji sent\u00fdabr -T\u00fcrkmenistany\u0148 Gara\u015fsyzlyk Ba\u00fdramy<br \/>\n25-nji dekabr &#8211; Ro\u017edestwo\u00a0 \u00a0 \u00a0 \u00a0 \u00a0 \u00a0 \u00a0 \u00a0 \u00a0 \u00a0 \u00a0 \u00a0 \u00a0 \u00a0 \u00a0 \u00a0 \u00a0 \u00a0 \u00a0 \u00a0 \u00a0 \u00a0 \u00a0 \u00a0 \u00a0 \u00a0 \u00a0 \u00a0 \u00a0 \u00a0 \u00a0 \u00a0 \u00a0 \u00a0 \u00a0 \u00a0 \u00a0 \u00a0 \u00a0 \u00a0 \u00a0 \u00a0 \u00a0 \u00a0 \u00a0 \u00a0 \u00a0 \u00a0 \u00a0 \u00a0 \u00a0 \u00a0 \u00a0 \u00a0 \u00a0 \u00a0 \u00a0 \u00a0 \u00a0 \u00a0 \u00a0 \u00a0 \u00a0 \u00a0 \u00a0 \u00a0 \u00a0 \u00a0 \u00a0 \u00a0 \u00a0 \u00a0 \u00a0 \u00a0 \u00a0 \u00a0 \u00a0 \u00a0 \u00a0 \u00a0 \u00a0 \u00a0 \u00a0 \u00a0 \u00a0 \u00a0 \u00a0 \u00a0 \u00a0 \u00a0 \u00a0 \u00a0 \u00a0 \u00a0 \u00a0 \u00a0 \u00a0 \u00a0 \u00a0 \u00a0 \u00a0 \u00a0 \u00a0 \u00a0 \u00a0 \u00a0 \u00a0 \u00a0 \u00a0 \u00a0 \u00a0 \u00a0 \u00a0 \u00a0 \u00a0 \u00a0 \u00a0 \u00a0 \u00a0 \u00a0 \u00a0 \u00a0 \u00a0 \u00a0 \u00a0 \u00a0 \u00a0 \u00a0 \u00a0 \u00a0 \u00a0 \u00a0 \u00a0 \u00a0 \u00a0 \u00a0 \u00a0 \u00a0 \u00a0 \u00a0 \u00a0 \u00a0 \u00a0 \u00a0 \u00a0 \u00a0 \u00a0 \u00a0 \u00a0 \u00a0 \u00a0 \u00a0 \u00a0 \u00a0 \u00a0 \u00a0 \u00a0 \u00a0 \u00a0 \u00a0 \u00a0 \u00a0 \u00a0 \u00a0 \u00a0 \u00a0 \u00a0 \u00a0 \u00a0 \u00a0 26-njy dekabr &#8211; Mukaddes Stiwen g\u00fcni<\/p>\n","protected":false},"excerpt":{"rendered":"Kartada g\u00f6rkez Itali\u00fdany\u0148 T\u00fcrkmenistandaky il\u00e7ihanasy 139 \/ Azady k\u00f6\u00e7esi (\u00f6\u0148ki Engels k\u00f6\u00e7esi) A\u015fgabat 744000 Kommutator: +993 12 36 92 12 Faks +993 12 36 93 29 ashgabat.info@esteri.it ashgabat.segr@esteri.it Konsullyk b\u00f6l\u00fcmi Telefon: +993 12 368910 E-po\u00e7ta: ashgabat.visti@esteri.it 2026-njy \u00fdyly\u0148 ba\u00fdram\u00e7ylyk kalendary: 01-nji \u00fdanwar- T\u00e4ze \u00fdyl ba\u00fdram\u00e7ylygy 21-nji mart- Nowruz Ba\u00fdram 6-njy aprel &#8211; Pasha 25-nji aprel [&hellip;]","protected":false},"author":1,"featured_media":0,"parent":3749,"menu_order":4,"comment_status":"closed","ping_status":"closed","template":"","meta":{"footnotes":""},"class_list":["post-3788","page","type-page","status-publish","hentry"],"_links":{"self":[{"href":"https:\/\/ambashgabat.esteri.it\/tk\/wp-json\/wp\/v2\/pages\/3788","targetHints":{"allow":["GET"]}}],"collection":[{"href":"https:\/\/ambashgabat.esteri.it\/tk\/wp-json\/wp\/v2\/pages"}],"about":[{"href":"https:\/\/ambashgabat.esteri.it\/tk\/wp-json\/wp\/v2\/types\/page"}],"author":[{"embeddable":true,"href":"https:\/\/ambashgabat.esteri.it\/tk\/wp-json\/wp\/v2\/users\/1"}],"replies":[{"embeddable":true,"href":"https:\/\/ambashgabat.esteri.it\/tk\/wp-json\/wp\/v2\/comments?post=3788"}],"version-history":[{"count":5,"href":"https:\/\/ambashgabat.esteri.it\/tk\/wp-json\/wp\/v2\/pages\/3788\/revisions"}],"predecessor-version":[{"id":12015,"href":"https:\/\/ambashgabat.esteri.it\/tk\/wp-json\/wp\/v2\/pages\/3788\/revisions\/12015"}],"up":[{"embeddable":true,"href":"https:\/\/ambashgabat.esteri.it\/tk\/wp-json\/wp\/v2\/pages\/3749"}],"wp:attachment":[{"href":"https:\/\/ambashgabat.esteri.it\/tk\/wp-json\/wp\/v2\/media?parent=3788"}],"curies":[{"name":"wp","href":"https:\/\/api.w.org\/{rel}","templated":true}]}}