{"id":3782,"date":"2023-04-11T17:55:33","date_gmt":"2023-04-11T12:55:33","guid":{"rendered":"https:\/\/ambashgabat.esteri.it\/chi-siamo\/la-sede\/"},"modified":"2025-03-13T16:34:38","modified_gmt":"2025-03-13T11:34:38","slug":"la-sede","status":"publish","type":"page","link":"https:\/\/ambashgabat.esteri.it\/tk\/chi-siamo\/la-sede\/","title":{"rendered":"Il\u00e7ihany\u0148 \u00fderle\u015f\u00fd\u00e4n \u00fderi"},"content":{"rendered":"<p>Il\u00e7ihana 2015-nji \u00fdyly\u0148 2-nji i\u00fdunynda A\u015fgabady\u0148 esasy k\u00f6\u00e7elerini\u0148 ugrunda a\u00e7yldy . 13-nji, 23-nji belgili, 61-nji, 52-nji belgili awtobuslar bilen a\u0148satlyk bilen baryp bol\u00fdar we Fransi\u00fda, Germani\u00fda, \u00ddewropa delegasi\u00fdasy, Saud Arabystan, Ermenistan we \u00d6zbegistan \u00fdaly be\u00fdleki da\u015fary \u00fdurtlary\u0148 il\u00e7ihanalaryna gola\u00fd \u00fderle\u015f\u00fd\u00e4r.<\/p>\n","protected":false},"excerpt":{"rendered":"Il\u00e7ihana 2015-nji \u00fdyly\u0148 2-nji i\u00fdunynda A\u015fgabady\u0148 esasy k\u00f6\u00e7elerini\u0148 ugrunda a\u00e7yldy . 13-nji, 23-nji belgili, 61-nji, 52-nji belgili awtobuslar bilen a\u0148satlyk bilen baryp bol\u00fdar we Fransi\u00fda, Germani\u00fda, \u00ddewropa delegasi\u00fdasy, Saud Arabystan, Ermenistan we \u00d6zbegistan \u00fdaly be\u00fdleki da\u015fary \u00fdurtlary\u0148 il\u00e7ihanalaryna gola\u00fd \u00fderle\u015f\u00fd\u00e4r.","protected":false},"author":1,"featured_media":0,"parent":3749,"menu_order":2,"comment_status":"closed","ping_status":"closed","template":"","meta":{"footnotes":""},"class_list":["post-3782","page","type-page","status-publish","hentry"],"_links":{"self":[{"href":"https:\/\/ambashgabat.esteri.it\/tk\/wp-json\/wp\/v2\/pages\/3782","targetHints":{"allow":["GET"]}}],"collection":[{"href":"https:\/\/ambashgabat.esteri.it\/tk\/wp-json\/wp\/v2\/pages"}],"about":[{"href":"https:\/\/ambashgabat.esteri.it\/tk\/wp-json\/wp\/v2\/types\/page"}],"author":[{"embeddable":true,"href":"https:\/\/ambashgabat.esteri.it\/tk\/wp-json\/wp\/v2\/users\/1"}],"replies":[{"embeddable":true,"href":"https:\/\/ambashgabat.esteri.it\/tk\/wp-json\/wp\/v2\/comments?post=3782"}],"version-history":[{"count":3,"href":"https:\/\/ambashgabat.esteri.it\/tk\/wp-json\/wp\/v2\/pages\/3782\/revisions"}],"predecessor-version":[{"id":5933,"href":"https:\/\/ambashgabat.esteri.it\/tk\/wp-json\/wp\/v2\/pages\/3782\/revisions\/5933"}],"up":[{"embeddable":true,"href":"https:\/\/ambashgabat.esteri.it\/tk\/wp-json\/wp\/v2\/pages\/3749"}],"wp:attachment":[{"href":"https:\/\/ambashgabat.esteri.it\/tk\/wp-json\/wp\/v2\/media?parent=3782"}],"curies":[{"name":"wp","href":"https:\/\/api.w.org\/{rel}","templated":true}]}}