{"id":3769,"date":"2023-04-11T17:48:10","date_gmt":"2023-04-11T12:48:10","guid":{"rendered":"https:\/\/ambashgabat.esteri.it\/amministrazione-trasparente\/"},"modified":"2026-04-13T11:54:03","modified_gmt":"2026-04-13T06:54:03","slug":"amministrazione-trasparente","status":"publish","type":"page","link":"https:\/\/ambashgabat.esteri.it\/tk\/amministrazione-trasparente\/","title":{"rendered":"A\u00e7-a\u00e7an dolandyry\u015f"},"content":{"rendered":"<p data-start=\"21\" data-end=\"231\">\u201cA\u00e7- a\u00e7an dolandyry\u015f\u201d b\u00f6l\u00fcmini\u0148 mazmuny web sahypasyny\u0148 ital\u00fdan dilind\u00e4ki wersi\u00fdasynda el\u00fdeterlidir. Sahypany\u0148 ital\u00fdan dilind\u00e4ki wersi\u00fdasyna ge\u00e7mek \u00fc\u00e7in sag \u00fdokarky bur\u00e7daky IT d\u00fcwm\u00e4 basy\u0148.<\/p>\n<p data-start=\"233\" data-end=\"508\">Da\u015fary \u00fdurtlardaky diplomatik we konsullyk edaralary Itali\u00fda Respublikasyny\u0148 Da\u015fary i\u015fler we halkara hyzmatda\u015flyk ministrligini\u0148 da\u015fky b\u00f6l\u00fcmleridir. Bu ministrlik maglumatlary\u0148 a\u00e7yp g\u00f6rkezilmegini \u00f6z web sahypasynda \u00fderle\u015f\u00fd\u00e4n \u201cA\u00e7-a\u00e7an dolandyry\u015f\u201d b\u00f6l\u00fcmi arkaly \u00fcpj\u00fcn ed\u00fd\u00e4r.<\/p>\n<p data-start=\"510\" data-end=\"659\" data-is-last-node=\"\" data-is-only-node=\"\">Korrupsi\u00fda gar\u015fy g\u00f6re\u015f bo\u00fdun\u00e7a go\u015fma\u00e7a maglumat almak \u00fc\u00e7in Itali\u00fda Respublikasyny\u0148 Milli korrupsi\u00fda gar\u015fy edarasyny\u0148 (ANAC) web sahypasyna \u00fd\u00fcz tutu\u0148.<\/p>\n","protected":false},"excerpt":{"rendered":"\u201cA\u00e7- a\u00e7an dolandyry\u015f\u201d b\u00f6l\u00fcmini\u0148 mazmuny web sahypasyny\u0148 ital\u00fdan dilind\u00e4ki wersi\u00fdasynda el\u00fdeterlidir. Sahypany\u0148 ital\u00fdan dilind\u00e4ki wersi\u00fdasyna ge\u00e7mek \u00fc\u00e7in sag \u00fdokarky bur\u00e7daky IT d\u00fcwm\u00e4 basy\u0148. Da\u015fary \u00fdurtlardaky diplomatik we konsullyk edaralary Itali\u00fda Respublikasyny\u0148 Da\u015fary i\u015fler we halkara hyzmatda\u015flyk ministrligini\u0148 da\u015fky b\u00f6l\u00fcmleridir. Bu ministrlik maglumatlary\u0148 a\u00e7yp g\u00f6rkezilmegini \u00f6z web sahypasynda \u00fderle\u015f\u00fd\u00e4n \u201cA\u00e7-a\u00e7an dolandyry\u015f\u201d b\u00f6l\u00fcmi arkaly \u00fcpj\u00fcn ed\u00fd\u00e4r. Korrupsi\u00fda [&hellip;]","protected":false},"author":1,"featured_media":0,"parent":0,"menu_order":10,"comment_status":"closed","ping_status":"closed","template":"","meta":{"footnotes":""},"class_list":["post-3769","page","type-page","status-publish","hentry"],"_links":{"self":[{"href":"https:\/\/ambashgabat.esteri.it\/tk\/wp-json\/wp\/v2\/pages\/3769","targetHints":{"allow":["GET"]}}],"collection":[{"href":"https:\/\/ambashgabat.esteri.it\/tk\/wp-json\/wp\/v2\/pages"}],"about":[{"href":"https:\/\/ambashgabat.esteri.it\/tk\/wp-json\/wp\/v2\/types\/page"}],"author":[{"embeddable":true,"href":"https:\/\/ambashgabat.esteri.it\/tk\/wp-json\/wp\/v2\/users\/1"}],"replies":[{"embeddable":true,"href":"https:\/\/ambashgabat.esteri.it\/tk\/wp-json\/wp\/v2\/comments?post=3769"}],"version-history":[{"count":4,"href":"https:\/\/ambashgabat.esteri.it\/tk\/wp-json\/wp\/v2\/pages\/3769\/revisions"}],"predecessor-version":[{"id":11806,"href":"https:\/\/ambashgabat.esteri.it\/tk\/wp-json\/wp\/v2\/pages\/3769\/revisions\/11806"}],"wp:attachment":[{"href":"https:\/\/ambashgabat.esteri.it\/tk\/wp-json\/wp\/v2\/media?parent=3769"}],"curies":[{"name":"wp","href":"https:\/\/api.w.org\/{rel}","templated":true}]}}