{"id":3760,"date":"2023-04-11T17:08:57","date_gmt":"2023-04-11T12:08:57","guid":{"rendered":"https:\/\/ambashgabat.esteri.it\/servizi-consolari-e-visti\/"},"modified":"2025-05-01T15:10:10","modified_gmt":"2025-05-01T10:10:10","slug":"servizi-consolari-e-visti","status":"publish","type":"page","link":"https:\/\/ambashgabat.esteri.it\/tk\/servizi-consolari-e-visti\/","title":{"rendered":"Konsullyk Hyzmatlary we Wiza"},"content":{"rendered":"<p><strong>DU\u015eU\u015eYK HA\u00ddY\u015eLARY<\/strong><\/p>\n<p>01.01.2024-nji \u00fdyldan ba\u015flap A\u015fgabatdaky Itali\u00fdany\u0148 Il\u00e7ihanasyny\u0148 Wiza b\u00f6l\u00fcmine we \u00e4hli konsullyk hyzmatlaryna Prenot@mi portaly arkaly rezervasi\u00fda edilmeli. Portala 24 sagat we mugt https:\/\/prenotami.esteri.it adresi arkaly baryp bol\u00fdar.<\/p>\n<p>\u015eo\u0148a g\u00f6r\u00e4-de, bu t\u00e4ze a\u00fdratynlyk 18\/12\/2023-nji \u00fdyldan ba\u015flap 01.02.2024-nji \u00fdyldan ba\u015flap du\u015fu\u015fyk \u00fc\u00e7in el\u00fdeterli bolar, 2023-nji \u00fdyly\u0148 galan d\u00f6wri \u00fc\u00e7in bolsa e-po\u00e7ta \u00fda-da telefon arkaly rezervasi\u00fda etmegi dowam edip bolar.<\/p>\n<p><strong>MAGLUMAT HA\u00ddY\u015eLARY<\/strong><\/p>\n<p>Elektron po\u00e7ta salgysyna hat <a href=\"mailto:ashgabat.visti@esteri.it\">ashgabat.visti@esteri.it<\/a><\/p>\n<p>\u00dda-da +993 12 368910 ja\u0148 edi\u0148 (si\u015fenbe, \u00e7ar\u015fenbe we pen\u015fenbe g\u00fcnleri 16:00-17:00 aralygy)<\/p>\n<p><strong>Ha\u00fdy\u015f ed\u00fd\u00e4rin, bellenilen sagatdan da\u015fary ja\u0148 etm\u00e4\u0148<\/strong><\/p>\n<p>H\u00f6d\u00fcrlen\u00fd\u00e4n hyzmatlar ital\u00fdan ra\u00fdatlaryny esasy hukuklary we \u015fahsy azatlyklary goramak maksady bilen de\u0148lik, ala tutmazlyk, netijelilik we a\u00e7yklyk prinsiplerine la\u00fdyklykda berilmeli.<\/p>\n<p>\u00d6l\u00fcm, hel\u00e4k\u00e7ilik, agyr kesel\u00e7ilik, tussag edilmek \u00fda-da tussag edilmek, zorluk-s\u00fctem, uly krizis (tebigy betbagt\u00e7ylyklar, gra\u017edanlyk gozgala\u0148lary, \u00fdaragly \u00e7akny\u015fyklar we \u015f.m.) \u00fdagda\u00fdlarynda k\u00f6mek etmek, pasportlary\u0148 \u00fditirilmegi \u00fda-da ogurlanmagy seb\u00e4pli gyssagly \u00fdol dokumentlerini\u0148 berilmegi degi\u015fli.<\/p>\n<p>K\u00f6pr\u00e4k maglumat almak \u00fc\u00e7in <a href=\"https:\/\/www.esteri.it\/it\/servizi-consolari-e-visti\/italiani-all-estero\/\">MAECI<\/a>-ni\u0148 web-sa\u00fdtyndaky konsullyk hyzmatlary b\u00f6l\u00fcmine seredi\u0148<\/p>\n<p><a href=\"https:\/\/ambashgabat.esteri.it\/wp-content\/uploads\/2023\/11\/informativa_tdp_per_servizi_consolari.pdf\" target=\"_blank\" rel=\"noopener\">Informativa sulla protezione delle persone fisiche con riguardo al trattamento dei dati personali ai fini dell\u2019erogazione dei servizi consolari (ad esclusione del rilascio dei visti e delle pratiche di cittadinanza) (Regolamento Generale sulla Protezione dei Dati (UE) 2016\/679, art. 13).<\/a><\/p>\n","protected":false},"excerpt":{"rendered":"DU\u015eU\u015eYK HA\u00ddY\u015eLARY 01.01.2024-nji \u00fdyldan ba\u015flap A\u015fgabatdaky Itali\u00fdany\u0148 Il\u00e7ihanasyny\u0148 Wiza b\u00f6l\u00fcmine we \u00e4hli konsullyk hyzmatlaryna Prenot@mi portaly arkaly rezervasi\u00fda edilmeli. Portala 24 sagat we mugt https:\/\/prenotami.esteri.it adresi arkaly baryp bol\u00fdar. \u015eo\u0148a g\u00f6r\u00e4-de, bu t\u00e4ze a\u00fdratynlyk 18\/12\/2023-nji \u00fdyldan ba\u015flap 01.02.2024-nji \u00fdyldan ba\u015flap du\u015fu\u015fyk \u00fc\u00e7in el\u00fdeterli bolar, 2023-nji \u00fdyly\u0148 galan d\u00f6wri \u00fc\u00e7in bolsa e-po\u00e7ta \u00fda-da telefon arkaly rezervasi\u00fda [&hellip;]","protected":false},"author":1,"featured_media":0,"parent":0,"menu_order":6,"comment_status":"closed","ping_status":"closed","template":"","meta":{"footnotes":""},"class_list":["post-3760","page","type-page","status-publish","hentry"],"_links":{"self":[{"href":"https:\/\/ambashgabat.esteri.it\/tk\/wp-json\/wp\/v2\/pages\/3760","targetHints":{"allow":["GET"]}}],"collection":[{"href":"https:\/\/ambashgabat.esteri.it\/tk\/wp-json\/wp\/v2\/pages"}],"about":[{"href":"https:\/\/ambashgabat.esteri.it\/tk\/wp-json\/wp\/v2\/types\/page"}],"author":[{"embeddable":true,"href":"https:\/\/ambashgabat.esteri.it\/tk\/wp-json\/wp\/v2\/users\/1"}],"replies":[{"embeddable":true,"href":"https:\/\/ambashgabat.esteri.it\/tk\/wp-json\/wp\/v2\/comments?post=3760"}],"version-history":[{"count":3,"href":"https:\/\/ambashgabat.esteri.it\/tk\/wp-json\/wp\/v2\/pages\/3760\/revisions"}],"predecessor-version":[{"id":8941,"href":"https:\/\/ambashgabat.esteri.it\/tk\/wp-json\/wp\/v2\/pages\/3760\/revisions\/8941"}],"wp:attachment":[{"href":"https:\/\/ambashgabat.esteri.it\/tk\/wp-json\/wp\/v2\/media?parent=3760"}],"curies":[{"name":"wp","href":"https:\/\/api.w.org\/{rel}","templated":true}]}}