{"id":3749,"date":"2023-04-11T17:07:36","date_gmt":"2023-04-11T12:07:36","guid":{"rendered":"https:\/\/ambashgabat.esteri.it\/chi-siamo\/"},"modified":"2025-05-14T16:01:44","modified_gmt":"2025-05-14T11:01:44","slug":"chi-siamo","status":"publish","type":"page","link":"https:\/\/ambashgabat.esteri.it\/tk\/chi-siamo\/","title":{"rendered":"Biz barada"},"content":{"rendered":"<p>Itali\u00fdany\u0148 T\u00fcrkmenistandaky Il\u00e7ihanasy<br \/>\n<a href=\"https:\/\/www.google.com\/maps\/place\/Embassy+of+Georgia\/@37.946573,58.3560978,113m\/data=!3m1!1e3!4m6!3m5!1s0x3f7001e911504405:0xa2ae5c85aeee284!8m2!3d37.9467536!4d58.3563708!16s%2Fg%2F11xxm97gj?entry=ttu&amp;g_ep=EgoyMDI1MDUxMS4wIKXMDSoASAFQAw%3D%3D\">139\/a Azady k\u00f6\u00e7esi (\u00f6\u0148ki Engels k\u00f6\u00e7esi)<\/a><br \/>\nA\u015fgabat 744000<\/p>\n<p>Kartada g\u00f6rkezmek<\/p>\n<p>Merkezi telefon: +993 12 36 92 12<\/p>\n<p>Faks: +993 12 36 93 29<\/p>\n<p>Email: <a href=\"mailto:ashgabat.info@esteri.it\">ashgabat.info@esteri.it<\/a><\/p>\n<p>Email (Sekretariat): <a href=\"mailto:ashgabat.segr@esteri.it\">ashgabat.segr@esteri.it<\/a><\/p>\n<p>Konsullyk we Wiza b\u00f6l\u00fcmi<br \/>\nTelefon: +993 12 36 89 10<\/p>\n<p>Email: <a href=\"mailto:ashgabat.visti@esteri.it\">ashgabat.visti@esteri.it<\/a><\/p>\n<p>Teswirli po\u00e7ta: <a href=\"mailto:amb.ashgabat@cert.esteri.it\">amb.ashgabat@cert.esteri.it<\/a><\/p>\n<p>Adres di\u0148e tassyklanan elektron po\u00e7ta (PEC) kabul edil\u00fd\u00e4r.<\/p>\n","protected":false},"excerpt":{"rendered":"Itali\u00fdany\u0148 T\u00fcrkmenistandaky Il\u00e7ihanasy 139\/a Azady k\u00f6\u00e7esi (\u00f6\u0148ki Engels k\u00f6\u00e7esi) A\u015fgabat 744000 Kartada g\u00f6rkezmek Merkezi telefon: +993 12 36 92 12 Faks: +993 12 36 93 29 Email: ashgabat.info@esteri.it Email (Sekretariat): ashgabat.segr@esteri.it Konsullyk we Wiza b\u00f6l\u00fcmi Telefon: +993 12 36 89 10 Email: ashgabat.visti@esteri.it Teswirli po\u00e7ta: amb.ashgabat@cert.esteri.it Adres di\u0148e tassyklanan elektron po\u00e7ta (PEC) kabul edil\u00fd\u00e4r.","protected":false},"author":1,"featured_media":0,"parent":0,"menu_order":2,"comment_status":"closed","ping_status":"closed","template":"","meta":{"footnotes":""},"class_list":["post-3749","page","type-page","status-publish","hentry"],"_links":{"self":[{"href":"https:\/\/ambashgabat.esteri.it\/tk\/wp-json\/wp\/v2\/pages\/3749","targetHints":{"allow":["GET"]}}],"collection":[{"href":"https:\/\/ambashgabat.esteri.it\/tk\/wp-json\/wp\/v2\/pages"}],"about":[{"href":"https:\/\/ambashgabat.esteri.it\/tk\/wp-json\/wp\/v2\/types\/page"}],"author":[{"embeddable":true,"href":"https:\/\/ambashgabat.esteri.it\/tk\/wp-json\/wp\/v2\/users\/1"}],"replies":[{"embeddable":true,"href":"https:\/\/ambashgabat.esteri.it\/tk\/wp-json\/wp\/v2\/comments?post=3749"}],"version-history":[{"count":2,"href":"https:\/\/ambashgabat.esteri.it\/tk\/wp-json\/wp\/v2\/pages\/3749\/revisions"}],"predecessor-version":[{"id":9008,"href":"https:\/\/ambashgabat.esteri.it\/tk\/wp-json\/wp\/v2\/pages\/3749\/revisions\/9008"}],"wp:attachment":[{"href":"https:\/\/ambashgabat.esteri.it\/tk\/wp-json\/wp\/v2\/media?parent=3749"}],"curies":[{"name":"wp","href":"https:\/\/api.w.org\/{rel}","templated":true}]}}