{"id":11312,"date":"2026-02-25T10:40:46","date_gmt":"2026-02-25T05:40:46","guid":{"rendered":"https:\/\/ambashgabat.esteri.it\/chi-siamo\/la-sede\/eventi-in-programma-nel-2026\/"},"modified":"2026-03-12T09:28:28","modified_gmt":"2026-03-12T04:28:28","slug":"eventi-in-programma-nel-2026","status":"publish","type":"page","link":"https:\/\/ambashgabat.esteri.it\/tk\/chi-siamo\/la-sede\/eventi-in-programma-nel-2026\/","title":{"rendered":"2026-njy \u00fdylda ge\u00e7irilmegi me\u00fdille\u015fdirilen \u00e7\u00e4reler"},"content":{"rendered":"<ul>\n<li data-start=\"157\" data-end=\"195\"><strong data-start=\"157\" data-end=\"173\">9\u201313 fewral:<\/strong> Italian Design Day- Ital\u00fdan Diza\u00fdn g\u00fcnleri<\/li>\n<li data-start=\"197\" data-end=\"253\"><strong data-start=\"197\" data-end=\"211\">20 fewral:<\/strong> T\u00fcrkmenistanda diplomatik i\u015fg\u00e4rler g\u00fcni<\/li>\n<li data-start=\"255\" data-end=\"380\"><strong data-start=\"255\" data-end=\"268\">15 aprel:<\/strong> &#8216;Made in Italy&#8217; g\u00fcni<\/li>\n<li data-start=\"419\" data-end=\"461\"><strong data-start=\"419\" data-end=\"430\">3 i\u00fdun:<\/strong> &#8220;Italo Pop &amp; Disco&#8221; konserti<\/li>\n<li data-start=\"463\" data-end=\"513\"><strong data-start=\"463\" data-end=\"477\">21 awgust:<\/strong> Ital\u00fdan sport g\u00fcni<\/li>\n<li data-start=\"515\" data-end=\"564\"><strong data-start=\"515\" data-end=\"533\">10\u201312 okt\u00fdabr:<\/strong> <strong>Settimana della Lingua Italiana nel Mondo<\/strong>&#8211; D\u00fcn\u00fd\u00e4de Itali\u00fda dili hepdeligi<\/li>\n<li data-start=\"566\" data-end=\"618\"><strong data-start=\"566\" data-end=\"583\">16\u201320 no\u00fdabr:\u00a0<\/strong><strong>Settimana della Cucina Italiana nel Mondo-\u00a0<\/strong>D\u00fcn\u00fd\u00e4de Itali\u00fdan tagamlary hepdeligi<\/li>\n<\/ul>\n<p data-start=\"636\" data-end=\"651\"><strong data-start=\"636\" data-end=\"649\">Bellikler<\/strong><\/p>\n<p data-start=\"653\" data-end=\"717\">\u00c7\u00e4releri\u0148 seneleri gurama\u00e7ylyk \u015fertlerine g\u00f6r\u00e4 \u00fc\u00fdtg\u00e4p biler.<\/p>\n<p data-start=\"719\" data-end=\"824\">So\u0148ky seneler web sahypamyzda \u00e7ap ediler: <a class=\"decorated-link\" href=\"https:\/\/ambashgabat.esteri.it\" target=\"_new\" rel=\"noopener\" data-start=\"760\" data-end=\"822\">https:\/\/ambashgabat.esteri.it<\/a><\/p>\n<p data-start=\"826\" data-end=\"874\">Go\u015fma\u00e7a \u00e7\u00e4reler hem bu sahypada pa\u00fdla\u015fylar.<\/p>\n<p data-start=\"826\" data-end=\"874\">\u00c7\u00e4r\u00e4 gatna\u015fmak \u00fc\u00e7in: https:\/\/ambashgabat.esteri.it\/tk\/gli_eventi\/calendario\/<\/p>\n<p data-start=\"884\" data-end=\"916\"><em><strong data-start=\"884\" data-end=\"902\">Sahypa<\/strong> 11 martda 2026 t\u00e4zelenen<\/em><\/p>\n","protected":false},"excerpt":{"rendered":"9\u201313 fewral: Italian Design Day- Ital\u00fdan Diza\u00fdn g\u00fcnleri 20 fewral: T\u00fcrkmenistanda diplomatik i\u015fg\u00e4rler g\u00fcni 15 aprel: &#8216;Made in Italy&#8217; g\u00fcni 3 i\u00fdun: &#8220;Italo Pop &amp; Disco&#8221; konserti 21 awgust: Ital\u00fdan sport g\u00fcni 10\u201312 okt\u00fdabr: Settimana della Lingua Italiana nel Mondo&#8211; D\u00fcn\u00fd\u00e4de Itali\u00fda dili hepdeligi 16\u201320 no\u00fdabr:\u00a0Settimana della Cucina Italiana nel Mondo-\u00a0D\u00fcn\u00fd\u00e4de Itali\u00fdan tagamlary hepdeligi Bellikler [&hellip;]","protected":false},"author":6,"featured_media":0,"parent":3782,"menu_order":0,"comment_status":"closed","ping_status":"closed","template":"","meta":{"footnotes":""},"class_list":["post-11312","page","type-page","status-publish","hentry"],"_links":{"self":[{"href":"https:\/\/ambashgabat.esteri.it\/tk\/wp-json\/wp\/v2\/pages\/11312","targetHints":{"allow":["GET"]}}],"collection":[{"href":"https:\/\/ambashgabat.esteri.it\/tk\/wp-json\/wp\/v2\/pages"}],"about":[{"href":"https:\/\/ambashgabat.esteri.it\/tk\/wp-json\/wp\/v2\/types\/page"}],"author":[{"embeddable":true,"href":"https:\/\/ambashgabat.esteri.it\/tk\/wp-json\/wp\/v2\/users\/6"}],"replies":[{"embeddable":true,"href":"https:\/\/ambashgabat.esteri.it\/tk\/wp-json\/wp\/v2\/comments?post=11312"}],"version-history":[{"count":6,"href":"https:\/\/ambashgabat.esteri.it\/tk\/wp-json\/wp\/v2\/pages\/11312\/revisions"}],"predecessor-version":[{"id":11440,"href":"https:\/\/ambashgabat.esteri.it\/tk\/wp-json\/wp\/v2\/pages\/11312\/revisions\/11440"}],"up":[{"embeddable":true,"href":"https:\/\/ambashgabat.esteri.it\/tk\/wp-json\/wp\/v2\/pages\/3782"}],"wp:attachment":[{"href":"https:\/\/ambashgabat.esteri.it\/tk\/wp-json\/wp\/v2\/media?parent=11312"}],"curies":[{"name":"wp","href":"https:\/\/api.w.org\/{rel}","templated":true}]}}