{"id":97,"date":"2023-04-11T18:24:01","date_gmt":"2023-04-11T16:24:01","guid":{"rendered":"https:\/\/ambasciatapraga.esteri.it\/?page_id=97"},"modified":"2024-04-01T18:16:54","modified_gmt":"2024-04-01T13:16:54","slug":"fare-affari-in-italia","status":"publish","type":"page","link":"https:\/\/ambashgabat.esteri.it\/it\/italia-e-turkmenistan\/diplomazia-economica\/fare-affari-in-italia\/","title":{"rendered":"Fare affari in Italia"},"content":{"rendered":"<p><img loading=\"lazy\" decoding=\"async\" class=\"alignnone size-medium wp-image-481 img-fluid\" src=\"https:\/\/ambashgabat.esteri.it\/wp-content\/uploads\/2023\/11\/turkmenistan_italy_flag_041220_01-300x200.jpg\" alt=\"\" width=\"300\" height=\"200\" srcset=\"https:\/\/ambashgabat.esteri.it\/wp-content\/uploads\/2023\/11\/turkmenistan_italy_flag_041220_01-300x200.jpg 300w, https:\/\/ambashgabat.esteri.it\/wp-content\/uploads\/2023\/11\/turkmenistan_italy_flag_041220_01.jpg 660w\" sizes=\"auto, (max-width: 300px) 100vw, 300px\" \/><\/p>\n<p style=\"text-align: left;\">Il Global Attractiveness Index, indice composito che analizza l\u2019attrattivit\u00e0 in termini di investimenti di 148 economie, vede l\u2019Italia al 17esimo posto, per la prima volta nel gruppo di Paesi a \u201cbuona attrattivit\u00e0\u201d. Il Paese si distingue per la capacit\u00e0 di innovazione e per la ricchezza di capitale, dimostrando una maggiore dinamicit\u00e0 economica rispetto al passato.<\/p>\n<p style=\"text-align: left;\">Quali sono i punti di forza dell&#8217;economia italiana?<\/p>\n<p style=\"text-align: left;\">A) CRESCITA ECONOMICA:<br \/>\nNegli ultimi 60 anni il PIL pro capite italiano \u00e8 cresciuto in termini reali come quello degli altri principali Paesi partner (1,8% medio annuo), esattamente come il Regno Unito, un decimale meno di Stati Uniti e Francia (1,9%) e un decimale in pi\u00f9 di Germania e Canada (1,7%).<br \/>\nNel corso dell\u2019ultima decade (2014-2023), il Paese ha registrato a livello pro capite la seconda crescita economica pi\u00f9 elevata tra i Paesi G7 (1,1% medio annuo), dietro solamente agli Stati Uniti e davanti a Regno Unito (0,9%), Giappone, Germania, Francia (0,7%) e Canada (0,6%).<br \/>\nNel quadriennio 2020-2023 l\u2019Italia ha registrato un\u2019ottima performance con un incremento secco del PIL pro capite del 4,9% rispetto al 2019. Soltanto gli Stati Uniti, nel G7, hanno fatto meglio (5,5%). Seguono, pi\u00f9 distaccati, Giappone (2,8%) e Canada (1,3%). Altre economie sono invece rimaste ferme: Regno Unito (0,4%), Francia (0,1%), Germania (meno 1%).<br \/>\nRispetto al livello del 2019, il PIL italiano \u00e8 cresciuto di pi\u00f9 di quello spagnolo, francese e tedesco, a testimonianza della vitalit\u00e0 dell&#8217;economia italiana.<\/p>\n<p style=\"text-align: left;\">B) INFLAZIONE, OCCUPAZIONE E RESILIENZA SOCIALE:<br \/>\nL\u2019inflazione cala pi\u00f9 che altrove: a gennaio 2024 l\u2019indice dei prezzi al consumo ha fatto registrare una variazione rispetto allo stesso mese dell\u2019anno precedente pari a +0,8%, un dato significativamente inferiore a quello del Regno Unito (4,3%), Stati Uniti e Francia (3,1%), Germania e Canada (2,9%).<br \/>\nL\u2019occupazione \u00e8 ai massimi storici. Alla fine del quarto trimestre 2023, l\u2019Italia aveva 23 milioni e 729mila occupati, vale a dire 661mila occupati in pi\u00f9 rispetto al 2019. In particolare, 203mila posti di lavoro sono stati creati dal settore delle costruzioni, 391mila da quello dei servizi e 144mila dall\u2019industria.<br \/>\nL\u2019aumento dell\u2019occupazione vede una progressiva riduzione del tasso di disoccupazione, sceso nell\u2019ultimo decennio da circa il 13% (2014) al 7,2% (2024). Tale riduzione risulta particolarmente marcata nella fascia d\u2019et\u00e0 15-24 anni: dal 43,2% al 21,8% nel medesimo periodo.<\/p>\n<p>C) EXPORT E BILANCIA COMMERCIALE:<br \/>\nL\u2019export italiano \u00e8 il pi\u00f9 competitivo del G7. Secondo le prime stime del WTO, nel 2023 l\u2019export italiano ha raggiunto un nuovo massimo storico di 677 miliardi di dollari. L\u2019Italia \u00e8 ormai il quinto esportatore mondiale, a soli 40 miliardi di dollari dal Giappone, un Paese che<br \/>\nha il doppio degli abitanti della Penisola. Nel periodo 2015-2023 l\u2019export italiano in dollari \u00e8 cresciuto del 48%, quasi il doppio della crescita francese (28%) e tedesca (27%) e il triplo di quella giapponese (15%).<br \/>\nIn termini di bilancia commerciale manifatturiera l\u2019Italia \u00e8 quinta al mondo e seconda in Europa. L\u2019export italiano si caratterizza per essere molto presente in segmenti produttivi ad alto contenuto di conoscenza, come ad esempio il settore farmaceutico e dell\u2019aerospazio. Quanto precede \u00e8 accompagnato anche da un eccellente sistema di ricerca: l\u2019Italia \u00e8 il terzo paese in Europa per pubblicazioni scientifiche.<\/p>\n<p style=\"text-align: left;\">D) INDUSTRIA:<br \/>\nNegli ultimi anni le imprese italiane hanno investito massicciamente in macchinari, impianti e nuove tecnologie. Nel 2022, il peso degli investimenti in macchinari e impianti \u00e8 salito in Italia al 7,1% sul PIL, il secondo pi\u00f9 alto valore nel G7 dopo quello del Giappone (8,2%), davanti a Germania (6,3%) e Stati Uniti (5,9%). Secondo un\u2019elaborazione della Fondazione Edison su dati \u201cWorld Robotics 2023\u201d nel 2022 l\u2019Italia risulta sesta al mondo per robot industriali (oltre 91.000 unit\u00e0) e quarta per quelli installati (22.769) nel settore dei prodotti in metallo e dei macchinari industriali, dietro a Cina, Giappone e Germania, ma davanti agli Stati Uniti (15.895 robot).<\/p>\n<p>&nbsp;<\/p>\n<p>&nbsp;<\/p>\n<p>Di seguito un elenco di link a siti web che si occupano di facilitare gli investimenti in Italia:<\/p>\n<p><a href=\"https:\/\/italy.tmembassy.gov.tm\/index.php\/en\">https:\/\/italy.tmembassy.gov.tm\/index.php\/en<\/a><\/p>\n<p><a href=\"https:\/\/www.esteri.it\/en\/diplomazia-economica-e-politica-commerciale\/diplomaziaeconomica\/l-attrazione-degli-investimenti\/\">https:\/\/www.esteri.it\/en\/diplomazia-economica-e-politica-commerciale\/diplomaziaeconomica\/l-attrazione-degli-investimenti\/<\/a><\/p>\n<p><a href=\"https:\/\/www.ice.it\/en\/invest\/invest-italy\">https:\/\/www.ice.it\/en\/invest\/invest-italy<\/a><\/p>\n<p><a href=\"https:\/\/investorvisa.mise.gov.it\/index.php\/en\/\">https:\/\/investorvisa.mise.gov.it\/index.php\/en\/<\/a><\/p>\n<p><a href=\"https:\/\/www.invitalia.it\/eng\/support-to-foreign-investors\/support-to-foreign-investors\">https:\/\/www.invitalia.it\/eng\/support-to-foreign-investors\/support-to-foreign-investors<\/a><\/p>\n<p><a href=\"https:\/\/www.agenziaentrate.gov.it\/portale\/web\/english\/nse\/invest-in-italy\">https:\/\/www.agenziaentrate.gov.it\/portale\/web\/english\/nse\/invest-in-italy<\/a><\/p>\n<p><a href=\"https:\/\/www.investinitalyrealestate.com\/it\/\">https:\/\/www.investinitalyrealestate.com\/it\/<\/a><\/p>\n<p><a href=\"https:\/\/www.ice.it\/en\/sites\/default\/files\/inline-files\/doing_business_in_italy_2021_0.pdf\">https:\/\/www.ice.it\/en\/sites\/default\/files\/inline-files\/doing_business_in_italy_2021_0.pdf<\/a><\/p>\n<p><a href=\"https:\/\/www.ice.it\/en\/my-home\/find-your-italian-partner\">https:\/\/www.ice.it\/en\/my-home\/find-your-italian-partner<\/a><\/p>\n<p><a href=\"https:\/\/practiceguides.chambers.com\/practice-guides\/doing-business-in-2023\/italy\">https:\/\/practiceguides.chambers.com\/practice-guides\/doing-business-in-2023\/italy<\/a><\/p>\n<p><a href=\"https:\/\/www.italchamind.org.uk\/wp-content\/uploads\/2023\/02\/DOING-BUSINESS-IN-ITALY-2022.pdf\">https:\/\/www.italchamind.org.uk\/wp-content\/uploads\/2023\/02\/DOING-BUSINESS-IN-ITALY-2022.pdf<\/a><\/p>\n<p>&nbsp;<\/p>\n<p>&nbsp;<\/p>\n<p>&nbsp;<\/p>\n<p>&nbsp;<\/p>\n<p>Ultimo aggiornamento: 2 aprile 2024<\/p>\n","protected":false},"excerpt":{"rendered":"Il Global Attractiveness Index, indice composito che analizza l\u2019attrattivit\u00e0 in termini di investimenti di 148 economie, vede l\u2019Italia al 17esimo posto, per la prima volta nel gruppo di Paesi a \u201cbuona attrattivit\u00e0\u201d. Il Paese si distingue per la capacit\u00e0 di innovazione e per la ricchezza di capitale, dimostrando una maggiore dinamicit\u00e0 economica rispetto al passato. [&hellip;]","protected":false},"author":1,"featured_media":0,"parent":43,"menu_order":2,"comment_status":"closed","ping_status":"closed","template":"","meta":{"footnotes":""},"class_list":["post-97","page","type-page","status-publish","hentry"],"_links":{"self":[{"href":"https:\/\/ambashgabat.esteri.it\/it\/wp-json\/wp\/v2\/pages\/97","targetHints":{"allow":["GET"]}}],"collection":[{"href":"https:\/\/ambashgabat.esteri.it\/it\/wp-json\/wp\/v2\/pages"}],"about":[{"href":"https:\/\/ambashgabat.esteri.it\/it\/wp-json\/wp\/v2\/types\/page"}],"author":[{"embeddable":true,"href":"https:\/\/ambashgabat.esteri.it\/it\/wp-json\/wp\/v2\/users\/1"}],"replies":[{"embeddable":true,"href":"https:\/\/ambashgabat.esteri.it\/it\/wp-json\/wp\/v2\/comments?post=97"}],"version-history":[{"count":5,"href":"https:\/\/ambashgabat.esteri.it\/it\/wp-json\/wp\/v2\/pages\/97\/revisions"}],"predecessor-version":[{"id":2501,"href":"https:\/\/ambashgabat.esteri.it\/it\/wp-json\/wp\/v2\/pages\/97\/revisions\/2501"}],"up":[{"embeddable":true,"href":"https:\/\/ambashgabat.esteri.it\/it\/wp-json\/wp\/v2\/pages\/43"}],"wp:attachment":[{"href":"https:\/\/ambashgabat.esteri.it\/it\/wp-json\/wp\/v2\/media?parent=97"}],"curies":[{"name":"wp","href":"https:\/\/api.w.org\/{rel}","templated":true}]}}