{"id":9382,"date":"2025-07-02T15:11:12","date_gmt":"2025-07-02T10:11:12","guid":{"rendered":"https:\/\/ambashgabat.esteri.it\/?page_id=9382"},"modified":"2025-08-04T11:18:18","modified_gmt":"2025-08-04T06:18:18","slug":"riconoscimento-in-base-a-leggi-speciali","status":"publish","type":"page","link":"https:\/\/ambashgabat.esteri.it\/it\/servizi-consolari-e-visti\/servizi-per-il-cittadino-straniero\/riconoscimento-in-base-a-leggi-speciali\/","title":{"rendered":"Riconoscimento in base a leggi speciali"},"content":{"rendered":"<p>La legge n. 74 del 23 maggio 2025 ha riaperto i termini per il riacquisto della cittadinanza a favore di ex cittadini\u00a0nati in Italia\u00a0o che sono stati\u00a0residenti in Italia\u00a0per almeno due anni continuativi e che abbiano perso la cittadinanza non oltre il 15 agosto 1992\u00a0in applicazione dell\u2019articolo 8, n. 1 e n. 2, o dell\u2019articolo 12 della legge n. 555 del 1912 (naturalizzazione in Paese straniero, rinuncia alla cittadinanza a seguito di involontario acquisto di cittadinanza straniera, figli minori conviventi di genitore che ha perso la cittadinanza). La possibilit\u00e0 di riacquisto\u00a0non si applica a coloro che hanno rinunciato alla cittadinanza italiana\u00a0(o che l\u2019hanno persa per altro motivo)\u00a0a partire dal 16 agosto 1992.<\/p>\n<p>Le dichiarazioni di riacquisto potranno essere presentate\u00a0tra il 1\u00b0 luglio 2025 e il 31 dicembre 2027.<\/p>\n<p>L\u2019interessato al riacquisto deve presentare:<\/p>\n<p>Valido documento di identit\u00e0 emesso dall\u2019Autorit\u00e0 del Paese di attuale cittadinanza;<br \/>\nCertificato di nascita: se nato all\u2019estero, dovr\u00e0 essere presentato nelle forme previste per la trascrizione in Italia, legalizzato e tradotto;<br \/>\nPer i nati all\u2019estero, certificato storico di residenza rilasciato dal Comune italiano competente;<br \/>\nCertificato storico di cittadinanza;<br \/>\nDocumentazione che dimostri la causa e la data della perdita della cittadinanza (si dovr\u00e0 dimostrare l\u2019acquisto della cittadinanza straniera e, nei casi previsti, la rinuncia a quella italiana: certificato di naturalizzazione oppure, se previsto dalla prassi locale, certificato di nascita corredato della certificazione di cittadinanza e del titolo al quale essa \u00e8 acquisita; la documentazione emessa da Autorit\u00e0 straniere dovr\u00e0 essere opportunamente legalizzata e tradotta).<\/p>\n<p>Per le dichiarazioni di riacquisto della cittadinanza italiana \u00e8 richiesto un contributo di \u20ac250, versato presso l\u2019Ufficio consolare.<\/p>\n<p>La dichiarazione deve essere resa dall\u2019interessato personalmente.<\/p>\n<p>In base all\u2019articolo 15 della legge n. 91\/1992, l\u2019interessato non riacquista la cittadinanza dal giorno della nascita, ma dal giorno successivo in cui si rende la dichiarazione.<\/p>\n<p style=\"text-align: right;\">Pagina aggiornata al 02.07.2025<\/p>\n","protected":false},"excerpt":{"rendered":"La legge n. 74 del 23 maggio 2025 ha riaperto i termini per il riacquisto della cittadinanza a favore di ex cittadini\u00a0nati in Italia\u00a0o che sono stati\u00a0residenti in Italia\u00a0per almeno due anni continuativi e che abbiano perso la cittadinanza non oltre il 15 agosto 1992\u00a0in applicazione dell\u2019articolo 8, n. 1 e n. 2, o dell\u2019articolo [&hellip;]","protected":false},"author":8,"featured_media":0,"parent":48,"menu_order":30,"comment_status":"closed","ping_status":"closed","template":"","meta":{"footnotes":""},"class_list":["post-9382","page","type-page","status-publish","hentry"],"_links":{"self":[{"href":"https:\/\/ambashgabat.esteri.it\/it\/wp-json\/wp\/v2\/pages\/9382","targetHints":{"allow":["GET"]}}],"collection":[{"href":"https:\/\/ambashgabat.esteri.it\/it\/wp-json\/wp\/v2\/pages"}],"about":[{"href":"https:\/\/ambashgabat.esteri.it\/it\/wp-json\/wp\/v2\/types\/page"}],"author":[{"embeddable":true,"href":"https:\/\/ambashgabat.esteri.it\/it\/wp-json\/wp\/v2\/users\/8"}],"replies":[{"embeddable":true,"href":"https:\/\/ambashgabat.esteri.it\/it\/wp-json\/wp\/v2\/comments?post=9382"}],"version-history":[{"count":5,"href":"https:\/\/ambashgabat.esteri.it\/it\/wp-json\/wp\/v2\/pages\/9382\/revisions"}],"predecessor-version":[{"id":9506,"href":"https:\/\/ambashgabat.esteri.it\/it\/wp-json\/wp\/v2\/pages\/9382\/revisions\/9506"}],"up":[{"embeddable":true,"href":"https:\/\/ambashgabat.esteri.it\/it\/wp-json\/wp\/v2\/pages\/48"}],"wp:attachment":[{"href":"https:\/\/ambashgabat.esteri.it\/it\/wp-json\/wp\/v2\/media?parent=9382"}],"curies":[{"name":"wp","href":"https:\/\/api.w.org\/{rel}","templated":true}]}}