{"id":89,"date":"2023-04-11T18:22:07","date_gmt":"2023-04-11T16:22:07","guid":{"rendered":"https:\/\/ambasciatapraga.esteri.it\/?page_id=89"},"modified":"2026-04-21T21:06:07","modified_gmt":"2026-04-21T16:06:07","slug":"visti","status":"publish","type":"page","link":"https:\/\/ambashgabat.esteri.it\/it\/servizi-consolari-e-visti\/servizi-per-il-cittadino-straniero\/visti\/","title":{"rendered":"Visti"},"content":{"rendered":"<p class=\"boxLevel04\"><strong><a href=\"https:\/\/www.esteri.it\/it\/servizi-consolari-e-visti\/ingressosoggiornoinitalia\/\">I Visti d&#8217;ingresso per l&#8217;Italia<\/a><\/strong><\/p>\n<p class=\"boxLevel04\"><a href=\"https:\/\/vistoperitalia.esteri.it\/home\/it\" target=\"_blank\" rel=\"noopener\"><br \/>\nSCOPRI SE HAI BISOGNO DI UN VISTO<\/a><\/p>\n<p class=\"boxLevel04\">Le richieste di visto possono essere presentate previa compilazione del modulo elettronico disponibile al seguente indirizzo:<\/p>\n<p><a href=\"https:\/\/e-applicationvisa.esteri.it\/\">https:\/\/e-applicationvisa.esteri.it\/<\/a><\/p>\n<p>Si prega di voler compilare in lingua italiana, o in inglese, tutti i campi del modulo, in lettere maiuscole e senza errori ed inesattezze.<\/p>\n<p>Dopo averlo compilato online, il modulo dovr\u00e0 essere stampato e consegnato all\u2019Ufficio Visti insieme alla documentazione richiesta.<\/p>\n<p>I formulari visto sono disponibili nella sezione\u00a0<a href=\"https:\/\/ambashgabat.esteri.it\/ambasciata_ashgabat\/in_linea_con_utente\/modulistica\/modulistica.html\" target=\"_blank\" rel=\"noopener\">Modulistica\u00a0<\/a><\/p>\n<p>DOCUMENTAZIONE RICHIESTA PER LE PRINCIPALI CATEGORIE DI VISTO (in inglese e\u00a0italiano):<\/p>\n<ul>\n<li><a href=\"https:\/\/ambashgabat.esteri.it\/wp-content\/uploads\/2023\/12\/ElencoDocRichVisti-_ItEn_Rev_18.12.pdf\"><u>TURISMO<\/u>\/<u>AFFARI<\/u><\/a><\/li>\n<li><a href=\"https:\/\/ambashgabat.esteri.it\/wp-content\/uploads\/2025\/03\/STUDIO.pdf\"><u>STUDIO Generico<\/u><\/a><\/li>\n<li><a href=\"https:\/\/ambashgabat.esteri.it\/wp-content\/uploads\/2025\/03\/STUDIO-UNIVERSITA.pdf\"><u>STUDIO immatricolazione universit\u00e0<\/u><\/a><\/li>\n<\/ul>\n<p>&nbsp;<\/p>\n<p>PER QUALSIASI TIPO DI VISTO D\u2019INGRESSO IN ITALIA NON E\u2019 PREVISTO ALCUN PAGAMENTO PER DIRITTI DI URGENZA<\/p>\n<p><strong>Si raccomanda di diffidare e di segnalare all\u2019Ambasciata eventuali intermediari che offrano i loro servizi a pagamento per presentare o per facilitare le pratiche di visto. Diffidare in particolare di persone che vantino canali preferenziali con l\u2019Ambasciata per la domanda di visto.<\/strong><\/p>\n<p>FOR ALL TYPES OF ENTRY VISA IN ITALY THE PAYMENT OF FEES FOR URGENT PROCEDURE IS NOT REQUIRED<\/p>\n<p><strong>It is recommended to be wary and to report to the Embassy any intermediaries who offer their paid services to present or facilitate visa procedures. Similarly, it is also recommended to exercise caution in particular of individuals who boast of having preferential channels with the Embassy for visa applications or receiving consular services.<\/strong><\/p>\n<p>L&#8217;Ufficio consolare presso l&#8217;Ambasciata ad Ashgabat \u00e8 aperto dal luned\u00ec al venerd\u00ec dalle ore 9.00 alle 13.00.<\/p>\n<p><strong>RICHIESTE DI APPUNTAMENTO PER LA PRESENTAZIONE DELLE DOMANDE DI VISTO<\/strong><\/p>\n<p>Dal 01\/01\/2024 le prenotazioni per l\u2019Ufficio Visti e per tutti i Servizi Consolari erogati dall\u2019Ambasciata d\u2019Italia in Ashgabat, dovranno obbligatoriamente essere effettuate tramite il Portale Prenot@mi, raggiungibile all\u2019indirizzo\u00a0 <a href=\"https:\/\/prenotami.esteri.it\">https:\/\/prenotami.esteri.it<\/a>\u00a0 disponibile H24 e completamente gratuito.<\/p>\n<p><strong><br \/>\nRICHIESTE DI INFORMAZIONI<\/strong><\/p>\n<p><strong>Scrivere all&#8217;indirizzo e.mail<\/strong>\u00a0<span class=\"baec5a81-e4d6-4674-97f3-e9220f0136c1\"><a href=\"mailto:ashgabat.visti@esteri.it\">ashgabat.visti@esteri.it<\/a><\/span><\/p>\n<p><strong>Oppure chiamare il n. +993 12 368910 (martedi&#8217;, mercoledi&#8217; e giovedi&#8217; dalle ore 16:00 alle ore 17:00)<\/strong><\/p>\n<p><strong>Si prega di non chiamare al di fuori degli orari indicati<\/strong><\/p>\n<p>&nbsp;<\/p>\n<p><a href=\"https:\/\/ambashgabat.esteri.it\/wp-content\/uploads\/2023\/11\/informativa_sulla_protezione_delle_persone_fisiche__visti_it.pdf\" target=\"_blank\" rel=\"noopener\">Informativa sulla protezione delle persone fisiche con riguardo al trattamento dei dati personali ai fini del rilascio di un visto d\u2019ingresso in Italia e nell\u2019area Schengen (Regolamento Generale sulla Protezione dei Dati \/ RGPD (UE) 2016\/679, art. 13) con riguardo al trattamento dei dati personali ai fini del rilascio di un visto d\u2019ingresso in Italia e nell\u2019area Schengen (Regolamento Generale sulla Protezione dei Dati \/ RGPD (UE) 2016\/679, art. 13)<\/a><\/p>\n<p><a href=\"https:\/\/ambashgabat.esteri.it\/wp-content\/uploads\/2023\/11\/information_on_the_protection_of_individuals_visa_en.pdf\" target=\"_blank\" rel=\"noopener\">Information on the protection of individuals with reference to the processing of personal data for the issuance of an entry visa in Italy and in the Schengen area (General Data Protection Regulation\/GDPR (EU) 2016\/679, art. 13)of individuals with reference to the processing of personal data for the issuance of an entry visa in Italy and in the Schengen area (General Data Protection Regulation\/GDPR (EU) 2016\/679, art. 13)<\/a><\/p>\n","protected":false},"excerpt":{"rendered":"I Visti d&#8217;ingresso per l&#8217;Italia SCOPRI SE HAI BISOGNO DI UN VISTO Le richieste di visto possono essere presentate previa compilazione del modulo elettronico disponibile al seguente indirizzo: https:\/\/e-applicationvisa.esteri.it\/ Si prega di voler compilare in lingua italiana, o in inglese, tutti i campi del modulo, in lettere maiuscole e senza errori ed inesattezze. Dopo averlo [&hellip;]","protected":false},"author":1,"featured_media":0,"parent":48,"menu_order":0,"comment_status":"closed","ping_status":"closed","template":"","meta":{"footnotes":""},"class_list":["post-89","page","type-page","status-publish","hentry"],"_links":{"self":[{"href":"https:\/\/ambashgabat.esteri.it\/it\/wp-json\/wp\/v2\/pages\/89","targetHints":{"allow":["GET"]}}],"collection":[{"href":"https:\/\/ambashgabat.esteri.it\/it\/wp-json\/wp\/v2\/pages"}],"about":[{"href":"https:\/\/ambashgabat.esteri.it\/it\/wp-json\/wp\/v2\/types\/page"}],"author":[{"embeddable":true,"href":"https:\/\/ambashgabat.esteri.it\/it\/wp-json\/wp\/v2\/users\/1"}],"replies":[{"embeddable":true,"href":"https:\/\/ambashgabat.esteri.it\/it\/wp-json\/wp\/v2\/comments?post=89"}],"version-history":[{"count":6,"href":"https:\/\/ambashgabat.esteri.it\/it\/wp-json\/wp\/v2\/pages\/89\/revisions"}],"predecessor-version":[{"id":7406,"href":"https:\/\/ambashgabat.esteri.it\/it\/wp-json\/wp\/v2\/pages\/89\/revisions\/7406"}],"up":[{"embeddable":true,"href":"https:\/\/ambashgabat.esteri.it\/it\/wp-json\/wp\/v2\/pages\/48"}],"wp:attachment":[{"href":"https:\/\/ambashgabat.esteri.it\/it\/wp-json\/wp\/v2\/media?parent=89"}],"curies":[{"name":"wp","href":"https:\/\/api.w.org\/{rel}","templated":true}]}}