{"id":67,"date":"2023-04-11T18:17:44","date_gmt":"2023-04-11T16:17:44","guid":{"rendered":"https:\/\/ambasciatapraga.esteri.it\/?page_id=67"},"modified":"2025-08-06T14:34:39","modified_gmt":"2025-08-06T09:34:39","slug":"emergency-travel-documents-etd","status":"publish","type":"page","link":"https:\/\/ambashgabat.esteri.it\/it\/servizi-consolari-e-visti\/servizi-per-il-cittadino-italiano\/emergency-travel-documents-etd\/","title":{"rendered":"Emergency Travel Documents (ETD)"},"content":{"rendered":"<p>Procedure per il rilascio dell\u2019ETD (Emergency Travel Document) per i non residenti<\/p>\n<p>L\u2019Emergency Travel Document (ETD), \u00e8 un documento di viaggio provvisorio con validit\u00e0 di 5 giorni a partire dalla data di rilascio. Pu\u00f2 essere emesso in caso di furto o smarrimento di passaporto o carta d\u2019identit\u00e0 ed utilizzato per il solo rientro in Italia o verso lo Stato membro dell\u2019UE in cui il richiedente ha la residenza permanente comprovata dall\u2019iscrizione AIRE. \u00c8 necessaria la presenza del richiedente (neonati e minori compresi).<\/p>\n<p>PER OTTENERE UN ETD NON C\u2019E\u2019 BISOGNO DI APPUNTAMENTO: \u00e8 pertanto possibile presentarsi direttamente in Sede tra le 9.30 e le 12.30 dal lunedi\u2019 al venerdi\u2019.<\/p>\n<p>Documentazione necessaria per il rilascio di un ETD:<\/p>\n<p>Richiedente MAGGIORENNE<\/p>\n<p>modulo di richiesta ETD correttamente compilato;<br \/>\n2 x fotografie formato tessera identiche e recenti (acquisite da non oltre 6 mesi), conformi agli standard internazionali ICAO;<br \/>\ncopia di un documento di riconoscimento, anche se smarrito o deteriorato (carta d\u2019identit\u00e0 o passaporto) contenente la foto e la firma. Anche la patente valida ha valore identificativo; in mancanza di un qualsiasi documento di identificazione, questo Ufficio provveder\u00e1 a contattare il Comune di residenza in Italia per accertare l\u2019identit\u00e1 del richiedente;<br \/>\ncopia del titolo di viaggio, con data di partenza entro 5 giorni dalla richiesta di ETD;<br \/>\natto di assenso dell\u2019altro genitore (in presenza di figli minori e se si \u00e8 residenti AIRE in questa circoscrizione consolare) unitamente alla copia di un documento di riconoscimento (solo se cittadino comunitario) in cui sia leggibile la firma del titolare;<br \/>\nse l\u2019altro genitore NON \u00e8 cittadino comunitario, dovr\u00e0 firmare l\u2019atto di assenso in presenza di un pubblico ufficiale italiano oppure recarsi a firmare l\u2019assenso presso l\u2019Ambasciata o il Consolato Italiano presenti nel Paese estero in cui si trova.<br \/>\nRichiedente MINORENNE<\/p>\n<p>modulo di richiesta correttamente compilato e firmato da entrambi i genitori o dall\u2019accompagnatore delegato dai genitori;<br \/>\n2 x fotografie formato tessera identiche e recenti (acquisite da non oltre 6 mesi), conformi agli standard internazionali ICAO;<br \/>\ncopia di documento di riconoscimento con foto del minore, copia del documento di riconoscimento di entrambi i genitori o dell\u2019accompagnatore;<br \/>\nin mancanza di un qualsiasi documento di identificazione del minore, questo Ufficio provveder\u00e1 a contattare il Comune di residenza in Italia per l\u2019accertamento dell\u2019identit\u00e1;copia del titolo di viaggio, con data di partenza entro 5 giorni dalla richiesta di ETD.<br \/>\nAttenzione: Per i neonati, oltre ai documenti sopra indicati, sar\u00e0 necessario esibire l\u2019atto di nascita rilasciato in Turkmenistan che dovr\u00e0 essere tradotto debitamente e legalizzato.<\/p>\n","protected":false},"excerpt":{"rendered":"Procedure per il rilascio dell\u2019ETD (Emergency Travel Document) per i non residenti L\u2019Emergency Travel Document (ETD), \u00e8 un documento di viaggio provvisorio con validit\u00e0 di 5 giorni a partire dalla data di rilascio. Pu\u00f2 essere emesso in caso di furto o smarrimento di passaporto o carta d\u2019identit\u00e0 ed utilizzato per il solo rientro in Italia [&hellip;]","protected":false},"author":1,"featured_media":0,"parent":47,"menu_order":2,"comment_status":"closed","ping_status":"closed","template":"","meta":{"footnotes":""},"class_list":["post-67","page","type-page","status-publish","hentry"],"_links":{"self":[{"href":"https:\/\/ambashgabat.esteri.it\/it\/wp-json\/wp\/v2\/pages\/67","targetHints":{"allow":["GET"]}}],"collection":[{"href":"https:\/\/ambashgabat.esteri.it\/it\/wp-json\/wp\/v2\/pages"}],"about":[{"href":"https:\/\/ambashgabat.esteri.it\/it\/wp-json\/wp\/v2\/types\/page"}],"author":[{"embeddable":true,"href":"https:\/\/ambashgabat.esteri.it\/it\/wp-json\/wp\/v2\/users\/1"}],"replies":[{"embeddable":true,"href":"https:\/\/ambashgabat.esteri.it\/it\/wp-json\/wp\/v2\/comments?post=67"}],"version-history":[{"count":6,"href":"https:\/\/ambashgabat.esteri.it\/it\/wp-json\/wp\/v2\/pages\/67\/revisions"}],"predecessor-version":[{"id":9911,"href":"https:\/\/ambashgabat.esteri.it\/it\/wp-json\/wp\/v2\/pages\/67\/revisions\/9911"}],"up":[{"embeddable":true,"href":"https:\/\/ambashgabat.esteri.it\/it\/wp-json\/wp\/v2\/pages\/47"}],"wp:attachment":[{"href":"https:\/\/ambashgabat.esteri.it\/it\/wp-json\/wp\/v2\/media?parent=67"}],"curies":[{"name":"wp","href":"https:\/\/api.w.org\/{rel}","templated":true}]}}