{"id":495,"date":"2023-11-25T12:19:18","date_gmt":"2023-11-25T07:19:18","guid":{"rendered":"https:\/\/ambashgabat.esteri.it\/?page_id=495"},"modified":"2023-11-25T13:22:21","modified_gmt":"2023-11-25T08:22:21","slug":"anagrafe-degli-italiani-allestero-aire","status":"publish","type":"page","link":"https:\/\/ambashgabat.esteri.it\/it\/servizi-consolari-e-visti\/servizi-per-il-cittadino-italiano\/anagrafe-degli-italiani-allestero-aire\/","title":{"rendered":"Anagrafe degli Italiani all&#8217;estero (AIRE)"},"content":{"rendered":"<p><strong>Iscrizione in base all\u2019art. 8 della Legge n. 470\/88<\/strong><\/p>\n<p style=\"text-align: justify;\">Tutti i cittadini italiani \u2013 ovunque siano nati \u2013 che intendano risiedere in Turkmenistan per un periodo superiore a 12 mesi, sono tenuti a iscriversi tramite questa Ambasciata all\u2019A.I.R.E. (Anagrafe degli italiani residenti all\u2019estero), entro 90 giorni dalla data di arrivo. Sono tenuti a iscriversi anche coloro che sono emigrati prima del 1988 (anno di promulgazione della Legge n. 470\/88).<\/p>\n<p style=\"text-align: justify;\">L\u2019iscrizione A.I.R.E. \u00e8 requisito necessario per l\u2019ottenimento della maggior parte dei servizi, quali rilascio di documenti e certificati emessi dall\u2019Ufficio Consolare (compreso il passaporto). Il mancato aggiornamento dell\u2019iscrizione all\u2019A.I.R.E., <strong>in particolare in caso di cambio di indirizzo<\/strong>, rende impossibile il contatto con il cittadino e il ricevimento della cartolina o del plico elettorale in caso di votazioni.<\/p>\n<p style=\"text-align: justify;\">L\u2019interessato deve tempestivamente aggiornare i propri dati d\u2019iscrizione A.I.R.E., inclusi il <strong>trasferimento della residenza<\/strong> o del domicilio, la composizione del nucleo familiare, le modifiche dello stato civile anche per l\u2019eventuale trascrizione in Italia degli atti stranieri (matrimonio, nascita, divorzio, morte, ecc.), il rientro definitivo in Italia, la perdita della cittadinanza italiana.<\/p>\n<p style=\"text-align: justify;\">L\u2019iscrizione nell\u2019A.I.R.E. e l\u2019aggiornamento dei dati personali facilitano la trattazione di tutte le pratiche relative all\u2019iscritto, accelerandone i tempi.<\/p>\n<p>&nbsp;<\/p>\n<p><strong>Come iscriversi all\u2019AIRE<\/strong><\/p>\n<p style=\"text-align: justify;\">Il portale <a href=\"https:\/\/serviziconsolari.esteri.it\/ScoFE\/index.sco\">FAST-IT<\/a>\u00a0\u00a0sostituisce dal 15 novembre 2019 l\u2019invio tramite posta o posta elettronica ordinaria della richiesta di iscrizione in AIRE o di aggiornamento dell\u2019indirizzo della propria residenza in Turkmenistan.<\/p>\n<p style=\"text-align: justify;\">L\u2019iscrizione \u00e8 in ogni caso gratuita.<\/p>\n<p style=\"text-align: justify;\">Per iscriversi \u00e8 necessario accedere al\u00a0<a href=\"https:\/\/serviziconsolari.esteri.it\/ScoFE\/index.sco\"><strong>Portale dei Servizi Consolari Fast It<\/strong><\/a>.<\/p>\n<p style=\"text-align: justify;\">Ultimata la registrazione, l\u2019utente dovr\u00e0 accedere alla sezione \u201cAnagrafe Consolare e AIRE\u201d e selezionare la funzionalit\u00e0 \u201cRichiedi l\u2019iscrizione all\u2019Anagrafe degli Italiani all\u2019Estero\u201d. Quindi dovr\u00e0 compilare tutti i campi previsti, che lo guidano verso una corretta e completa formulazione dell\u2019istanza, stampare il modulo di richiesta, firmarlo e caricarlo sul portale insieme a copia del proprio documento di identit\u00e0 ed alla prova della residenza in Turkmenistan. La scelta dei documenti da caricare \u00e8 lasciata alla discrezionalit\u00e0 del richiedente ma essi dovranno essere sufficienti a dimostrare almeno il possesso della cittadinanza italiana e la stabile ed effettiva residenza in Turkmenistan.\u00a0 E\u2019 quindi preferibile allegare: copia del proprio passaporto (pagina principale e pagine col primo e l\u2019ultimo timbro di ingresso in Turkmenistan); copia del visto\/permesso di soggiorno; copia dei documenti che provano la stabile dimora nel Paese (es. bollette di luce, acqua, cellulare, etc, contratto di affitto o lavoro, e cos\u00ec via).<\/p>\n<p style=\"text-align: left;\">Gli interessati potranno eventualmente segnalare l\u2019avvenuto completamento della procedura scrivendo a: <a href=\"mailto:ashgabat.visti@esteri.it\">ashgabat.visti@esteri.it<\/a><\/p>\n<p style=\"text-align: justify;\">Se la richiesta risulta incompleta, essa sar\u00e0 rifiutata e l\u2019utente invitato a ripresentarla o ad integrarla coi documenti e le informazioni mancanti. Se invece \u00e8 completa il consolato provveder\u00e0 a inoltrarla al comune di origine o di provenienza che a sua volta proceder\u00e0 con l\u2019iscrizione Aire informandone direttamente l\u2019interessato.<\/p>\n<p style=\"text-align: justify;\">Solo qualora l\u2019interessato sia oggettivamente impossibilitato ad operare tramite il portale (ad esempio perch\u00e9 non possiede o non sa usare un pc), potr\u00e0 scrivere a sociale.mosca@esteri.it per sapere come procedere.<\/p>\n<p style=\"text-align: justify;\">Nota bene: la conferma dell\u2019avvenuta iscrizione all\u2019Aire dovr\u00e0 essere chiesta al comune competente e NON all&#8217;Ambasciata che in questa procedura si limita a fare da tramite fra il cittadino ed il comune.<\/p>\n<p>&nbsp;<\/p>\n<p><strong>Rimpatrio<br \/>\n<\/strong><br \/>\n\u2013 I\u00a0<strong>cittadini iscritti AIRE<\/strong>\u00a0che rientrano definitivamente in Italia\u00a0<strong>dovranno presentarsi presso il Comune<\/strong>\u00a0dove hanno deciso di stabilirsi per\u00a0<strong>dichiarare il nuovo indirizzo di residenza<\/strong>.<br \/>\n\u2013 Nella stessa data il\u00a0<strong>Comune<\/strong>\u00a0provveder\u00e0 alla\u00a0<strong>cancellazione dall\u2019AIRE<\/strong>\u00a0con\u00a0<strong>contestuale iscrizione in APR<\/strong>\u00a0(Anagrafe Popolazione Residente).<br \/>\n\u2013 \u00c8\u00a0<strong>cura del Comune comunicare ufficialmente la data di decorrenza del rimpatrio all&#8217;Ufficio consolare di provenienza<\/strong>\u00a0che registrer\u00e0 nei propri schedari consolari il rimpatrio.<\/p>\n<p style=\"text-align: justify;\">Secondo la\u00a0<strong>normativa vigente, l\u2019Ufficio consolare \u00e8 competente a trasmettere al Comune italiano<\/strong>\u00a0le dichiarazioni fornite dai\u00a0<strong>cittadini residenti nella circoscrizione consolare<\/strong>\u00a0solo relativamente\u00a0<strong>all\u2019espatrio e alla residenza all\u2019estero<\/strong>, ma non relativamente al rimpatrio (DL 71\/2011, art. 9, Anagrafe degli italiani residenti all\u2019estero \u2013 AIRE). Sulla base dei dati contenuti nello schedario consolare (art. 8 del DL 71\/2011) l\u2019ufficio consolare della circoscrizione di immigrazione o di residenza provvede a trasmettere al comune italiano competente i dati richiesti dalla legislazione in materia di anagrafe degli italiani residenti all\u2019estero (AIRE). I dati sono relativi alle dichiarazioni fornite dai cittadini italiani che trasferiscono la propria residenza da un comune italiano all\u2019estero, ovvero a quelle relative alla residenza all\u2019estero, nonch\u00e9 a quelle concernenti il cambiamento di residenza o di abitazione all\u2019estero. La Legge 470\/88 (art. 4.1, lett. a), e 5.1) e il DPR 223\/1989 (art.13) indicano la competenza degli Ufficiali di anagrafe dei Comuni a raccogliere le dichiarazioni anagrafiche per il trasferimento dall\u2019estero, a provvedere alla cancellazione dalle anagrafi degli italiani all\u2019estero e alla comunicazione agli Uffici consolari interessati.<\/p>\n<p style=\"text-align: justify;\">La\u00a0<strong>cancellazione dall\u2019Aire per rimpatrio<\/strong>\u00a0con il conseguente aggiornamento dello schedario consolare\u00a0<strong>pu\u00f2 avvenire solo in seguito alla conferma dell\u2019iscrizione del cittadino presso l\u2019APR da parte del Comune italiano<\/strong>, che ripristina la residenza anagrafica e l\u2019iscrizione nell\u2019elenco degli elettori nel territorio della Repubblica e ne d\u00e0 comunicazione all\u2019Ufficio consolare.<br \/>\nQualora\u00a0<strong>l\u2019Ufficio consolare<\/strong>\u00a0abbia notizia che il cittadino italiano iscritto nella propria circoscrizione consolare\u00a0<strong>abbia lasciato il territorio<\/strong>, in mancanza di conferma di rimpatrio dello stesso da parte del Comune italiano e di iscrizione in APR,\u00a0<strong>dovr\u00e0 procedere alla richiesta di cancellazione per irreperibilit\u00e0<\/strong>, previa verifica del fatto che l\u2019indirizzo di recapito non \u00e8 pi\u00f9 attuale.<\/p>\n<p><a class=\"\" href=\"https:\/\/www.esteri.it\/it\/servizi-consolari-e-visti\/italiani-all-estero\/aire_0\/\" data-focus-mouse=\"false\"><strong>Anagrafe Italiani residenti all\u2019estero (A.I.R.E.)\u00a0<\/strong><\/a><\/p>\n","protected":false},"excerpt":{"rendered":"Iscrizione in base all\u2019art. 8 della Legge n. 470\/88 Tutti i cittadini italiani \u2013 ovunque siano nati \u2013 che intendano risiedere in Turkmenistan per un periodo superiore a 12 mesi, sono tenuti a iscriversi tramite questa Ambasciata all\u2019A.I.R.E. (Anagrafe degli italiani residenti all\u2019estero), entro 90 giorni dalla data di arrivo. Sono tenuti a iscriversi anche [&hellip;]","protected":false},"author":7,"featured_media":0,"parent":47,"menu_order":0,"comment_status":"closed","ping_status":"closed","template":"","meta":{"footnotes":""},"class_list":["post-495","page","type-page","status-publish","hentry"],"_links":{"self":[{"href":"https:\/\/ambashgabat.esteri.it\/it\/wp-json\/wp\/v2\/pages\/495","targetHints":{"allow":["GET"]}}],"collection":[{"href":"https:\/\/ambashgabat.esteri.it\/it\/wp-json\/wp\/v2\/pages"}],"about":[{"href":"https:\/\/ambashgabat.esteri.it\/it\/wp-json\/wp\/v2\/types\/page"}],"author":[{"embeddable":true,"href":"https:\/\/ambashgabat.esteri.it\/it\/wp-json\/wp\/v2\/users\/7"}],"replies":[{"embeddable":true,"href":"https:\/\/ambashgabat.esteri.it\/it\/wp-json\/wp\/v2\/comments?post=495"}],"version-history":[{"count":5,"href":"https:\/\/ambashgabat.esteri.it\/it\/wp-json\/wp\/v2\/pages\/495\/revisions"}],"predecessor-version":[{"id":509,"href":"https:\/\/ambashgabat.esteri.it\/it\/wp-json\/wp\/v2\/pages\/495\/revisions\/509"}],"up":[{"embeddable":true,"href":"https:\/\/ambashgabat.esteri.it\/it\/wp-json\/wp\/v2\/pages\/47"}],"wp:attachment":[{"href":"https:\/\/ambashgabat.esteri.it\/it\/wp-json\/wp\/v2\/media?parent=495"}],"curies":[{"name":"wp","href":"https:\/\/api.w.org\/{rel}","templated":true}]}}