{"id":49,"date":"2023-04-11T18:13:11","date_gmt":"2023-04-11T16:13:11","guid":{"rendered":"https:\/\/ambasciatapraga.esteri.it\/?page_id=49"},"modified":"2025-02-26T11:34:57","modified_gmt":"2025-02-26T06:34:57","slug":"passaporti-e-carte-didentita","status":"publish","type":"page","link":"https:\/\/ambashgabat.esteri.it\/it\/servizi-consolari-e-visti\/servizi-per-il-cittadino-italiano\/passaporti-e-carte-didentita\/","title":{"rendered":"Passaporti e Carte d\u2019identit\u00e0"},"content":{"rendered":"<p style=\"text-align: left;\"><strong>PASSAPORTI<\/strong><\/p>\n<p style=\"text-align: left;\"><strong>Il passaporto biometrico \u00e8 un documento di identit\u00e0 provvisto di microchip all\u2019interno del quale, oltre ai dati anagrafici, sono memorizzate anche la foto e le impronte digitali del titolare.<\/strong><\/p>\n<p style=\"text-align: left;\">Sono esentati dalla rilevazione delle impronte digitali i minori di 12 anni e le persone affette da malattia o altro impedimento di natura permanente certificati con le modalit\u00e0 previste dalla legge. Per ulteriori informazioni sul passaporto per chi ha un permanente impedimento a viaggiare cliccare qui.<\/p>\n<p style=\"text-align: left;\"><span style=\"text-decoration: underline;\">Validit\u00e0 del passaporto biometrico:<\/span><\/p>\n<ul style=\"text-align: left;\">\n<li>3 anni per i minori da 0 a 3 anni;<\/li>\n<li>5 anni per i minori dai 3 anni fino ai 18 anni;<\/li>\n<li>10 anni per i titolari maggiorenni.<\/li>\n<\/ul>\n<p style=\"text-align: left;\"><strong><span style=\"text-decoration: underline;\">NOVITA&#8217;<\/span>: dal 14 giugno 2023, per i genitori con prole minore non e&#8217; piu&#8217; obbligatorio presentare l&#8217;assenso dell&#8217;altro genitore, ma sara&#8217; sufficiente che l&#8217;interessato autocertifichi di non essere sottoposto a inibitoria al rilascio del passaporto. resta invece obbligatorio l&#8217;assenso di entrambi i genitori per il rilascio del passaporto per i figli minorenni.<\/strong><\/p>\n<p style=\"text-align: left;\">Il servizio \u00e8 riservato solo ed esclusivamente ai cittadini italiani iscritti all\u2019AIRE presso la circoscrizione dell&#8217;Ambasciata d\u2019Italia a Ashgabat. Prima di prenotare l\u2019appuntamento i connazionali devono verificare la propria iscrizione A.I.R.E. ed eventualmente aggiornare i propri dati per agevolare il rilascio del passaporto.<\/p>\n<p style=\"text-align: left;\">L\u2019appuntamento per il rilascio del passaporto per i cittadini italiani iscritti nella circoscrizione dell&#8217;Ambasciata d&#8217;Italia a Ashgabat puo&#8217; essere richiesto come di seguito indicato:<\/p>\n<p style=\"text-align: left;\">&#8211; inviando una email a <a href=\"mailto:ashgabat.visti@esteri.it,\">ashgabat.visti@esteri.it,<\/a><\/p>\n<p style=\"text-align: left;\">&#8211; oppure chiamando il n. +99312368910<\/p>\n<p style=\"text-align: left;\">Prima di avviare la procedura di richiesta del passaporto, coloro che sono nati all\u2019estero o che hanno acquisito la cittadinanza italiana all\u2019estero o in Italia devono assicurarsi\u00a0che <strong>il proprio atto di nascita sia stato registrato presso il proprio Comune di iscrizione AIRE<\/strong>. Laddove l\u2019atto di nascita del connazionale non sia gi\u00e0 trascritto in Italia, l&#8217;interessato dovr\u00e0 portare il proprio atto di nascita in originale (apostillato e tradotto nel Paese dove l\u2019atto \u00e8 stato emesso; anche la traduzione dovr\u00e1 essere apostillata) contestualmente alla richiesta del passaporto.<\/p>\n<p style=\"text-align: left;\">Se il richiedente ha figli minorenni, dovr\u00e0 compilare e firmare la <a href=\"https:\/\/ambashgabat.esteri.it\/Ambasciata_Ashgabat\/resource\/doc\/2023\/09\/dichiarazione_assenza_ostative_passaporto.docx\">Dichiarazione di assenza di cause ostative<\/a><\/p>\n<p style=\"text-align: left;\">Per il rilascio di passaporto a figli minorenni, e&#8217; obbligatorio l&#8217;assenso di entrambi i genitori.<\/p>\n<p style=\"text-align: left;\"><a href=\"https:\/\/ambashgabat.esteri.it\/Ambasciata_Ashgabat\/resource\/doc\/2023\/09\/a_assenso_rilascio_pass_a_minore_stranierobilingue.doc\">Modulo di assenso per richiesta passaporto in favore di\u00a0 figli minori<\/a><\/p>\n<p style=\"text-align: left;\"><a href=\"https:\/\/ambashgabat.esteri.it\/Ambasciata_Ashgabat\/resource\/doc\/2023\/04\/modulo_di_domanda_di_passaporto_a_favore_di_maggiorenne1.doc\">Modulo richiesta passaporto cittadini maggiorenni<\/a><\/p>\n<p style=\"text-align: left;\"><a href=\"https:\/\/ambashgabat.esteri.it\/Ambasciata_Ashgabat\/resource\/doc\/2023\/04\/modulo_di_domanda_di_passaporto_a_favore_di_minorenne.doc\">Modulo richiesta passaporto in favore di cittadini minorenni<\/a><\/p>\n<p style=\"text-align: left;\"><strong>DECRETO CONSOLARE DI AUTORIZZAZIONE<\/strong><\/p>\n<p style=\"text-align: left;\">Se non \u00e8 possibile ottenere il consenso dell\u2019altro genitore al rilascio del documento, il richiedente pu\u00f2 avviare la procedura per ottenere l\u2019autorizzazione da parte del Giudice Tutelare italiano competente e previa valutazione dei motivi del mancato assenso, delle condizioni sociali e psicologiche del minore, dell&#8217;attribuzione della responsabilit\u00e0 genitoriale e dell&#8217;affidamento, degli obblighi imposti ai genitori (es. eventuali obblighi alimentari) ecc.<\/p>\n<p style=\"text-align: left;\"><span style=\"text-decoration: underline;\">Per minori residenti in Italia<\/span> la richiesta va presentata al Tribunale di residenza del minore.<\/p>\n<p style=\"text-align: left;\"><span style=\"text-decoration: underline;\">Se il minore di riferimento \u00e8 residente nella circoscrizione consolare di Ashgabat,<\/span> l\u2019interessato potr\u00e0 richiedere un decreto consolare di autorizzazione da parte dell&#8217;Ambasciatore, nella veste di &#8220;Giudice Tutelare&#8221;.<\/p>\n<p style=\"text-align: left;\">Di seguito si indica la documentazione da presentare insieme alla domanda di passaporto:<\/p>\n<ul style=\"text-align: left;\">\n<li><a href=\"https:\/\/ambashgabat.esteri.it\/Ambasciata_Ashgabat\/resource\/doc\/2023\/04\/richiesta_emissione_decreto_consolare_passaporti-cic.doc\">modulo di richiesta;<\/a><\/li>\n<li>copia della sentenza di divorzio o separazione o copia del provvedimento giudiziario concernente l\u2019affidamento dei minori;<\/li>\n<li>copia della raccomandata con avviso di ricevimento inviata al luogo dell\u2019ultima residenza conosciuta dell\u2019altro genitore per ottenere il suo assenso;<\/li>\n<li>documentazione attestante il pagamento degli alimenti eventualmente stabiliti con sentenza;<\/li>\n<li>pagamento di Euro 11,00 per l&#8217;istanza, importo da corrispondere in contanti nel controvalore in Usd indicato dall&#8217;Ambasciata.<\/li>\n<\/ul>\n<p style=\"text-align: left;\"><span style=\"text-decoration: underline;\">L&#8217;autorit\u00e0 consolare, in fase istruttoria, potr\u00e0 richiedere documentazione supplementare.<\/span> Se si accerta che le ragioni del mancato consenso dell&#8217;altro genitore non sono giustificate, il Capo Missione, valutato il superiore interesse del minore, pu\u00f2 autorizzare, con apposito decreto, il rilascio del documento (se non sussistono ulteriori cause ostative).<\/p>\n<p style=\"text-align: left;\"><span style=\"text-decoration: underline;\">N.B.<\/span>: Questa procedura \u00e8 di natura eccezionale e giudiziaria, quindi pu\u00f2 essere utilizzata solo in caso di assoluta impossibilit\u00e0 ad ottenere l&#8217;atto di assenso previsto dalla legge. Occorre inoltre tenere presente che, a causa degli accertamenti dovuti in tali situazioni, i tempi di attesa per ottenere il passaporto possono allungarsi considerevolmente.<\/p>\n<p style=\"text-align: left;\"><strong>TASSE CONSOLARI<\/strong><\/p>\n<p style=\"text-align: left;\">L&#8217;importo da versare per l&#8217;istanza al Capo Missione nella funzione di Giudice Tutelare \u00e8 di Euro 11,00 (solo se i minori risiedono nella circoscrizione consolare di Ashgabat)<\/p>\n<p>&nbsp;<\/p>\n<p><strong>Carta d\u2019identit\u00e0 elettronica (CIE) in Turkmenistan<\/strong><\/p>\n<div class=\"entry-content\">\n<p>Si informano i connazionali residenti in Turkmenistan che \u00e8 possibile prenotare un appuntamento presso l\u2019Ambasciata d\u2019Italia in Ashgabat per la raccolta dei documenti e delle impronte che permetteranno l\u2019invio direttamente al connazionale della carta d\u2019identit\u00e0 elettronica (CIE) da parte dell\u2019Istituto Poligrafico e Zecca dello Stato.<\/p>\n<p>Al riguardo si fa presente che \u2013 secondo quanto previsto dal Reg. UE 1157\/2019 \u2013 a decorrere dal prossimo 3 agosto 2026 le carte d\u2019identit\u00e0 cartacee (CIC) italiane cesseranno di essere valide, in quanto non pi\u00f9 rispondenti ai requisiti di sicurezza dei documenti d\u2019identit\u00e0 e di viaggio previsti dalle norme UE.<\/p>\n<\/div>\n<p>&nbsp;<\/p>\n","protected":false},"excerpt":{"rendered":"PASSAPORTI Il passaporto biometrico \u00e8 un documento di identit\u00e0 provvisto di microchip all\u2019interno del quale, oltre ai dati anagrafici, sono memorizzate anche la foto e le impronte digitali del titolare. Sono esentati dalla rilevazione delle impronte digitali i minori di 12 anni e le persone affette da malattia o altro impedimento di natura permanente certificati [&hellip;]","protected":false},"author":1,"featured_media":0,"parent":47,"menu_order":0,"comment_status":"closed","ping_status":"closed","template":"","meta":{"footnotes":""},"class_list":["post-49","page","type-page","status-publish","hentry"],"_links":{"self":[{"href":"https:\/\/ambashgabat.esteri.it\/it\/wp-json\/wp\/v2\/pages\/49","targetHints":{"allow":["GET"]}}],"collection":[{"href":"https:\/\/ambashgabat.esteri.it\/it\/wp-json\/wp\/v2\/pages"}],"about":[{"href":"https:\/\/ambashgabat.esteri.it\/it\/wp-json\/wp\/v2\/types\/page"}],"author":[{"embeddable":true,"href":"https:\/\/ambashgabat.esteri.it\/it\/wp-json\/wp\/v2\/users\/1"}],"replies":[{"embeddable":true,"href":"https:\/\/ambashgabat.esteri.it\/it\/wp-json\/wp\/v2\/comments?post=49"}],"version-history":[{"count":6,"href":"https:\/\/ambashgabat.esteri.it\/it\/wp-json\/wp\/v2\/pages\/49\/revisions"}],"predecessor-version":[{"id":5163,"href":"https:\/\/ambashgabat.esteri.it\/it\/wp-json\/wp\/v2\/pages\/49\/revisions\/5163"}],"up":[{"embeddable":true,"href":"https:\/\/ambashgabat.esteri.it\/it\/wp-json\/wp\/v2\/pages\/47"}],"wp:attachment":[{"href":"https:\/\/ambashgabat.esteri.it\/it\/wp-json\/wp\/v2\/media?parent=49"}],"curies":[{"name":"wp","href":"https:\/\/api.w.org\/{rel}","templated":true}]}}