{"id":44,"date":"2023-04-11T18:10:45","date_gmt":"2023-04-11T16:10:45","guid":{"rendered":"https:\/\/ambasciatapraga.esteri.it\/?page_id=44"},"modified":"2025-01-13T11:33:20","modified_gmt":"2025-01-13T06:33:20","slug":"diplomazia-culturale","status":"publish","type":"page","link":"https:\/\/ambashgabat.esteri.it\/it\/italia-e-turkmenistan\/diplomazia-culturale\/","title":{"rendered":"Diplomazia culturale"},"content":{"rendered":"<p><img loading=\"lazy\" decoding=\"async\" class=\"alignnone size-medium wp-image-842 img-fluid\" src=\"https:\/\/ambashgabat.esteri.it\/wp-content\/uploads\/2023\/12\/ITALIANA_locandina_A4_O-1-scaled-1-300x212.jpg\" alt=\"\" width=\"300\" height=\"212\" srcset=\"https:\/\/ambashgabat.esteri.it\/wp-content\/uploads\/2023\/12\/ITALIANA_locandina_A4_O-1-scaled-1-300x212.jpg 300w, https:\/\/ambashgabat.esteri.it\/wp-content\/uploads\/2023\/12\/ITALIANA_locandina_A4_O-1-scaled-1-1024x724.jpg 1024w, https:\/\/ambashgabat.esteri.it\/wp-content\/uploads\/2023\/12\/ITALIANA_locandina_A4_O-1-scaled-1-768x543.jpg 768w, https:\/\/ambashgabat.esteri.it\/wp-content\/uploads\/2023\/12\/ITALIANA_locandina_A4_O-1-scaled-1.jpg 1920w\" sizes=\"auto, (max-width: 300px) 100vw, 300px\" \/><\/p>\n<p style=\"text-align: justify;\">Italia e Turkmenistan sono entrambi portatori di un vasto patrimonio culturale e archeologico, testimonianza di passate civilt\u00e0 susseguitesi nei rispettivi territori nazionali.<br \/>\nA dieci anno dall\u2019apertura di un\u2019Ambasciata italiana ad Ashgabat, si \u00e8 consolidato un processo di reciproca conoscenza e diffusione degli aspetti maggiormente rappresentativi dei suddetti patrimoni. La cornice di riferimento giuridica per tale attivit\u00e0 si basa su un Memorandum d\u2019Intesa firmato tra i due competenti Ministeri nel 2009, al quale dovr\u00e0 far seguito nel prossimo futuro un pi\u00f9 articolato Accordo tra i due Stati. Singoli Accordi di collaborazione sono poi stati siglati da Universit\u00e0 italiane con l\u2019Accademia delle Scienze e il Ministero della Cultura del Turkmenistan, aventi ad oggetto in particolare lo svolgimento di missioni archeologiche di nostri esperti in questo Paese. In base a tali intese, di recente rinnovate, hanno ripreso l&#8217;attivit\u00e0 di scavo e ricerca in diversi siti archeologici turkmeni due missioni archeologiche provenienti dal Centro di ricerche e scavi di Torino e l&#8217;Universit\u00e0 di Bologna mentre il Centro Antiqua Agredo (Venezia) ha svolto tali attivit\u00e0 in passato.<\/p>\n<p style=\"text-align: justify;\">Le manifestazioni culturali italiane organizzate in Turkmenistan registrano sempre un grande successo di pubblico, a conferma del diffuso interesse per la nostra cultura e la nostra lingua.<\/p>\n<p>&nbsp;<\/p>\n<p>&nbsp;<\/p>\n<p>&nbsp;<\/p>\n<p>&nbsp;<\/p>\n<p>&nbsp;<\/p>\n<p>&nbsp;<\/p>\n<p>&nbsp;<\/p>\n<p>&nbsp;<\/p>\n<p>&nbsp;<\/p>\n<p>Aggiornato al 1 marzo 2024<\/p>\n","protected":false},"excerpt":{"rendered":"Italia e Turkmenistan sono entrambi portatori di un vasto patrimonio culturale e archeologico, testimonianza di passate civilt\u00e0 susseguitesi nei rispettivi territori nazionali. A dieci anno dall\u2019apertura di un\u2019Ambasciata italiana ad Ashgabat, si \u00e8 consolidato un processo di reciproca conoscenza e diffusione degli aspetti maggiormente rappresentativi dei suddetti patrimoni. La cornice di riferimento giuridica per tale [&hellip;]","protected":false},"author":1,"featured_media":0,"parent":14,"menu_order":2,"comment_status":"closed","ping_status":"closed","template":"","meta":{"footnotes":""},"class_list":["post-44","page","type-page","status-publish","hentry"],"_links":{"self":[{"href":"https:\/\/ambashgabat.esteri.it\/it\/wp-json\/wp\/v2\/pages\/44","targetHints":{"allow":["GET"]}}],"collection":[{"href":"https:\/\/ambashgabat.esteri.it\/it\/wp-json\/wp\/v2\/pages"}],"about":[{"href":"https:\/\/ambashgabat.esteri.it\/it\/wp-json\/wp\/v2\/types\/page"}],"author":[{"embeddable":true,"href":"https:\/\/ambashgabat.esteri.it\/it\/wp-json\/wp\/v2\/users\/1"}],"replies":[{"embeddable":true,"href":"https:\/\/ambashgabat.esteri.it\/it\/wp-json\/wp\/v2\/comments?post=44"}],"version-history":[{"count":6,"href":"https:\/\/ambashgabat.esteri.it\/it\/wp-json\/wp\/v2\/pages\/44\/revisions"}],"predecessor-version":[{"id":800,"href":"https:\/\/ambashgabat.esteri.it\/it\/wp-json\/wp\/v2\/pages\/44\/revisions\/800"}],"up":[{"embeddable":true,"href":"https:\/\/ambashgabat.esteri.it\/it\/wp-json\/wp\/v2\/pages\/14"}],"wp:attachment":[{"href":"https:\/\/ambashgabat.esteri.it\/it\/wp-json\/wp\/v2\/media?parent=44"}],"curies":[{"name":"wp","href":"https:\/\/api.w.org\/{rel}","templated":true}]}}