{"id":4175,"date":"2025-01-27T23:29:22","date_gmt":"2025-01-27T18:29:22","guid":{"rendered":"https:\/\/ambashgabat.esteri.it\/?page_id=4175"},"modified":"2025-02-13T20:21:51","modified_gmt":"2025-02-13T15:21:51","slug":"giornata-della-ricerca-italiana-nel-mondointelligenza-artificiale-e-apprendimento-delle-lingue-straniere","status":"publish","type":"page","link":"https:\/\/ambashgabat.esteri.it\/it\/chi-siamo\/la-sede\/eventi-in-programmazione-nel-2024\/giornata-della-ricerca-italiana-nel-mondointelligenza-artificiale-e-apprendimento-delle-lingue-straniere\/","title":{"rendered":"Giornata della Ricerca italiana nel Mondo:&#8221;Intelligenza Artificiale e apprendimento delle lingue straniere&#8221;"},"content":{"rendered":"<p><img loading=\"lazy\" decoding=\"async\" class=\"img-fluid wp-image-2546 aligncenter\" src=\"https:\/\/ambashgabat.esteri.it\/wp-content\/uploads\/2024\/04\/IMG-20240424-WA0003-e1714108565841-1024x858.jpg\" alt=\"\" width=\"463\" height=\"388\" \/><\/p>\n<p>&nbsp;<\/p>\n<p>Il 22 e il 23 aprile si sono tenuti per la prima volta eventi in presenza ad Ashgabat in occasione della settima Edizione della Giornata della Ricerca Italiana nel Mondo (GRIM 2024). Il tema centrale degli incontri \u00e8 stato l&#8217;Intelligenza Artificiale applicata all&#8217;apprendimento delle lingue straniere, con un focus particolare sull&#8217;italiano.<\/p>\n<p>La Prof.ssa Letizia Cinganotto e il Dott. Francesco Lampone, dell&#8217;Universit\u00e0 per Stranieri di Perugia, hanno condotto quattro conferenze\u00a0 presso gli Atenei International Humanities and Development (IUHD), l&#8217;Universit\u00e0 Statale Magtymguly e l&#8217;Istituto per l&#8217;insegnamento delle lingue straniere Azadi, con la partecipazione di oltre trecento studenti, docenti e ricercatori locali.<\/p>\n<p><img loading=\"lazy\" decoding=\"async\" class=\"img-fluid wp-image-2544 alignnone\" src=\"https:\/\/ambashgabat.esteri.it\/wp-content\/uploads\/2024\/04\/IMG-20240424-WA0002-576x1024.jpg\" alt=\"\" width=\"245\" height=\"436\" \/><img loading=\"lazy\" decoding=\"async\" class=\"img-fluid alignnone wp-image-2541\" src=\"https:\/\/ambashgabat.esteri.it\/wp-content\/uploads\/2024\/04\/IMG-20240424-WA0000-768x1024.jpg\" alt=\"\" width=\"327\" height=\"436\" \/><\/p>\n<p>La conferenza conclusiva si \u00e8 svolta presso il centro di ricerca, formazione e co-working Isnokady, una delle realt\u00e0 locali pi\u00f9 innovative in ambito privato. Qui, \u00e8 stato approfondito il potenziale dell&#8217;intelligenza artificiale nel campo formativo, in particolare per lo studio e il perfezionamento della lingua italiana.<\/p>\n<p>Grazie a questi eventi, si \u00e8 intensificata la collaborazione tra Italia e Turkmenistan in campo accademico e scientifico, prevedendo anche meccanismi di mobilit\u00e0 per ricercatori e studenti.<\/p>\n<p>&nbsp;<\/p>\n<p>&nbsp;<\/p>\n<p>&nbsp;<\/p>\n","protected":false},"excerpt":{"rendered":"&nbsp; Il 22 e il 23 aprile si sono tenuti per la prima volta eventi in presenza ad Ashgabat in occasione della settima Edizione della Giornata della Ricerca Italiana nel Mondo (GRIM 2024). Il tema centrale degli incontri \u00e8 stato l&#8217;Intelligenza Artificiale applicata all&#8217;apprendimento delle lingue straniere, con un focus particolare sull&#8217;italiano. La Prof.ssa Letizia [&hellip;]","protected":false},"author":6,"featured_media":0,"parent":2087,"menu_order":0,"comment_status":"closed","ping_status":"closed","template":"","meta":{"footnotes":""},"class_list":["post-4175","page","type-page","status-publish","hentry"],"_links":{"self":[{"href":"https:\/\/ambashgabat.esteri.it\/it\/wp-json\/wp\/v2\/pages\/4175","targetHints":{"allow":["GET"]}}],"collection":[{"href":"https:\/\/ambashgabat.esteri.it\/it\/wp-json\/wp\/v2\/pages"}],"about":[{"href":"https:\/\/ambashgabat.esteri.it\/it\/wp-json\/wp\/v2\/types\/page"}],"author":[{"embeddable":true,"href":"https:\/\/ambashgabat.esteri.it\/it\/wp-json\/wp\/v2\/users\/6"}],"replies":[{"embeddable":true,"href":"https:\/\/ambashgabat.esteri.it\/it\/wp-json\/wp\/v2\/comments?post=4175"}],"version-history":[{"count":3,"href":"https:\/\/ambashgabat.esteri.it\/it\/wp-json\/wp\/v2\/pages\/4175\/revisions"}],"predecessor-version":[{"id":4642,"href":"https:\/\/ambashgabat.esteri.it\/it\/wp-json\/wp\/v2\/pages\/4175\/revisions\/4642"}],"up":[{"embeddable":true,"href":"https:\/\/ambashgabat.esteri.it\/it\/wp-json\/wp\/v2\/pages\/2087"}],"wp:attachment":[{"href":"https:\/\/ambashgabat.esteri.it\/it\/wp-json\/wp\/v2\/media?parent=4175"}],"curies":[{"name":"wp","href":"https:\/\/api.w.org\/{rel}","templated":true}]}}