{"id":4159,"date":"2025-01-27T23:23:48","date_gmt":"2025-01-27T18:23:48","guid":{"rendered":"https:\/\/ambashgabat.esteri.it\/?page_id=4159"},"modified":"2025-02-13T02:07:36","modified_gmt":"2025-02-12T21:07:36","slug":"concerto-in-occasione-del-decennale-dellistituzione-dellambasciata-ditalia-in-turkmenistan","status":"publish","type":"page","link":"https:\/\/ambashgabat.esteri.it\/it\/chi-siamo\/la-sede\/eventi-in-programmazione-nel-2024\/concerto-in-occasione-del-decennale-dellistituzione-dellambasciata-ditalia-in-turkmenistan\/","title":{"rendered":"Concerto per il decennale dell\u2019istituzione dell\u2019Ambasciata d\u2019Italia in Turkmenistan"},"content":{"rendered":"<p><img loading=\"lazy\" decoding=\"async\" class=\"wp-image-2201 img-fluid alignnone\" src=\"https:\/\/ambashgabat.esteri.it\/wp-content\/uploads\/2024\/03\/foto4-300x225.jpg\" alt=\"\" width=\"348\" height=\"261\" \/><\/p>\n<p>Il 1\u00b0 marzo, in occasione del 10\u00b0 anniversario dell&#8217;apertura dell&#8217;Ambasciata d&#8217;Italia in Turkmenistan e delle relazioni diplomatiche tra i due Paesi, si \u00e8 tenuto un concerto al Teatro Magtymguly di Ashgabat. L&#8217;evento ha visto la partecipazione della pianista e compositrice italiana Roberta Di Mario e della pianista e compositrice turkmena Aylar Saparmuradova, le quali hanno eseguito composizioni proprie e opere di classici, regalando al pubblico di Ashgabat un&#8217;esperienza musicale unica.<\/p>\n<p>&nbsp;<\/p>\n<p><img loading=\"lazy\" decoding=\"async\" class=\"wp-image-2205 img-fluid alignnone\" src=\"https:\/\/ambashgabat.esteri.it\/wp-content\/uploads\/2024\/03\/foto2-300x225.jpg\" alt=\"\" width=\"312\" height=\"234\" srcset=\"https:\/\/ambashgabat.esteri.it\/wp-content\/uploads\/2024\/03\/foto2-300x225.jpg 300w, https:\/\/ambashgabat.esteri.it\/wp-content\/uploads\/2024\/03\/foto2-1024x768.jpg 1024w, https:\/\/ambashgabat.esteri.it\/wp-content\/uploads\/2024\/03\/foto2-768x576.jpg 768w, https:\/\/ambashgabat.esteri.it\/wp-content\/uploads\/2024\/03\/foto2.jpg 1600w\" sizes=\"auto, (max-width: 312px) 100vw, 312px\" \/><\/p>\n<p>Roberta Di Mario ha aperto il programma con la sua composizione &#8220;Disarm&#8221; e ha condotto il pubblico in un viaggio musicale attraverso le opere di Bach, Mozart e Chopin. Aylar Saparmuradova ha impressionato con la sua esecuzione di &#8220;Nocturne-Cosmos&#8221; e &#8220;La Campanella&#8221; di Paganini-Liszt, dimostrando una profonda affinit\u00e0 stilistica con la compositrice italiana.<\/p>\n<p>Il concerto si \u00e8 concluso con una sorpresa: Roberta e Aylar hanno eseguito insieme la &#8220;Danza slava&#8221; di Dvo\u0159\u00e1k a quattro mani, lasciando il pubblico entusiasta.<\/p>\n<p>&nbsp;<\/p>\n<p>&nbsp;<\/p>\n","protected":false},"excerpt":{"rendered":"Il 1\u00b0 marzo, in occasione del 10\u00b0 anniversario dell&#8217;apertura dell&#8217;Ambasciata d&#8217;Italia in Turkmenistan e delle relazioni diplomatiche tra i due Paesi, si \u00e8 tenuto un concerto al Teatro Magtymguly di Ashgabat. L&#8217;evento ha visto la partecipazione della pianista e compositrice italiana Roberta Di Mario e della pianista e compositrice turkmena Aylar Saparmuradova, le quali hanno [&hellip;]","protected":false},"author":6,"featured_media":0,"parent":2087,"menu_order":0,"comment_status":"closed","ping_status":"closed","template":"","meta":{"footnotes":""},"class_list":["post-4159","page","type-page","status-publish","hentry"],"_links":{"self":[{"href":"https:\/\/ambashgabat.esteri.it\/it\/wp-json\/wp\/v2\/pages\/4159","targetHints":{"allow":["GET"]}}],"collection":[{"href":"https:\/\/ambashgabat.esteri.it\/it\/wp-json\/wp\/v2\/pages"}],"about":[{"href":"https:\/\/ambashgabat.esteri.it\/it\/wp-json\/wp\/v2\/types\/page"}],"author":[{"embeddable":true,"href":"https:\/\/ambashgabat.esteri.it\/it\/wp-json\/wp\/v2\/users\/6"}],"replies":[{"embeddable":true,"href":"https:\/\/ambashgabat.esteri.it\/it\/wp-json\/wp\/v2\/comments?post=4159"}],"version-history":[{"count":3,"href":"https:\/\/ambashgabat.esteri.it\/it\/wp-json\/wp\/v2\/pages\/4159\/revisions"}],"predecessor-version":[{"id":4621,"href":"https:\/\/ambashgabat.esteri.it\/it\/wp-json\/wp\/v2\/pages\/4159\/revisions\/4621"}],"up":[{"embeddable":true,"href":"https:\/\/ambashgabat.esteri.it\/it\/wp-json\/wp\/v2\/pages\/2087"}],"wp:attachment":[{"href":"https:\/\/ambashgabat.esteri.it\/it\/wp-json\/wp\/v2\/media?parent=4159"}],"curies":[{"name":"wp","href":"https:\/\/api.w.org\/{rel}","templated":true}]}}