{"id":2238,"date":"2024-03-04T11:03:44","date_gmt":"2024-03-04T06:03:44","guid":{"rendered":"https:\/\/ambashgabat.esteri.it\/?page_id=2238"},"modified":"2024-03-04T13:52:09","modified_gmt":"2024-03-04T08:52:09","slug":"arkadag-la-smart-city-del-futuro","status":"publish","type":"page","link":"https:\/\/ambashgabat.esteri.it\/it\/italia-e-turkmenistan\/diplomazia-economica\/arkadag-la-smart-city-del-futuro\/","title":{"rendered":"Arkadag: la smart city del futuro"},"content":{"rendered":"<p><img loading=\"lazy\" decoding=\"async\" class=\"alignnone size-medium wp-image-2241 img-fluid\" src=\"https:\/\/ambashgabat.esteri.it\/wp-content\/uploads\/2024\/03\/230523-027PR-300x225.jpg\" alt=\"\" width=\"300\" height=\"225\" srcset=\"https:\/\/ambashgabat.esteri.it\/wp-content\/uploads\/2024\/03\/230523-027PR-300x225.jpg 300w, https:\/\/ambashgabat.esteri.it\/wp-content\/uploads\/2024\/03\/230523-027PR.jpg 736w\" sizes=\"auto, (max-width: 300px) 100vw, 300px\" \/><\/p>\n<p>Arkadag \u00e8 la nuova capitale regionale della provincia meridionale di Ahal, vicino al confine con l&#8217;Iran e a 30 km dalla capitale nazionale, Ashgabat.<br \/>\nIl 29 giugno 2023 una imponente cerimonia di apertura, alla presenza del presidente Serdar Berdymukhamedov, ha ufficialmente inaugurato la futuristica smart city chiamata Arkadag, o \u201cProtettore\u201d, in riferimento al suo precedente presidente Gurbanguly Berdymukhamedov.<br \/>\nLa costruzione della nuova citt\u00e0, progettata per un totale di 73.000 residenti, \u00e8 costata 3,3 miliardi di dollari. Esistono programmi di investimento per utilizzare al meglio la stessa somma nei prossimi anni ed espandere ulteriormente la citt\u00e0 e la sua popolazione.<br \/>\nTutti gli edifici di Arkadag sono colorati di bianco, con tutti i condomini alti sette piani, numero fortunato in Turkmenistan. In citt\u00e0 sono ammessi solo veicoli elettrici, che hanno anche una copertura digitale completa 5G.<\/p>\n<p>La prima fase di sviluppo della citt\u00e0 ha previsto 336 edifici all&#8217;avanguardia, strutture pubbliche, educative, mediche, culturali, sportive, tutte costruite con materiali rispettosi dell\u2019ambiente e dotate di tecnologie digitali.<\/p>\n<p>Nell\u2019ambito della seconda fase di sviluppo urbano, che avr\u00e0 luogo nei prossimi tre anni e si concluder\u00e0 nel 2027, verranno costruiti impianti di servizio e produttivi per la produzione di prodotti alimentari, industriali, farmaceutici e medicali. Nella citt\u00e0 vivranno circa 70.000 famiglie, per una popolazione totale di circa 300.000 abitanti.<br \/>\nI cittadini utilizzeranno veicoli urbani rispettosi dell\u2019ambiente \u2013 autobus elettrici e auto elettriche, nonch\u00e9 parcheggi \u201cintelligenti\u201d, pannelli solari, turbine eoliche e altri vantaggi ambientali e digitali. Sono gi\u00e0 stati creati un canale televisivo \u201cArkadag\u201d, un giornale e una squadra di calcio.<\/p>\n<p>Si prevede che diventer\u00e0 un\u2019importante rotta commerciale dell\u2019Asia centrale con l\u2019Iran come parte del corridoio orientale dell\u2019INSTC, il corridoio internazionale di trasporto nord-sud (rete multimodale lunga 7.200 km di rotte navali, ferroviarie e stradali per lo spostamento di merci tra India, Iran, Azerbaigian, Russia, Asia centrale ed Europa).<\/p>\n<p><img loading=\"lazy\" decoding=\"async\" class=\"alignnone size-medium wp-image-2247 img-fluid\" src=\"https:\/\/ambashgabat.esteri.it\/wp-content\/uploads\/2024\/03\/City-1-300x190.jpg\" alt=\"\" width=\"300\" height=\"190\" srcset=\"https:\/\/ambashgabat.esteri.it\/wp-content\/uploads\/2024\/03\/City-1-300x190.jpg 300w, https:\/\/ambashgabat.esteri.it\/wp-content\/uploads\/2024\/03\/City-1-1024x647.jpg 1024w, https:\/\/ambashgabat.esteri.it\/wp-content\/uploads\/2024\/03\/City-1-768x485.jpg 768w, https:\/\/ambashgabat.esteri.it\/wp-content\/uploads\/2024\/03\/City-1.jpg 1200w\" sizes=\"auto, (max-width: 300px) 100vw, 300px\" \/><\/p>\n<p>Di seguito la descrizione di Arkadag Smart City, a cura del Programma delle Nazioni Unite per gli insediamenti umani (ONU \u2013 Habitat).<\/p>\n<p>Il progetto Arkadag Smart City \u00e8 un\u2019iniziativa visionaria volta a guidare lo sviluppo sostenibile e promuovere un ecosistema urbano tecnologicamente avanzato, rispettoso dell\u2019ambiente e socialmente inclusivo. Radicato negli Obiettivi di sviluppo sostenibile (SDG) delle Nazioni Unite, questo impegno innovativo cerca di affrontare le sfide globali creando al tempo stesso un modello per le citt\u00e0 intelligenti del futuro. Al centro del progetto Arkadag Smart City c\u2019\u00e8 un forte impegno del governo del Turkmenistan nel promuovere l\u2019urbanizzazione sostenibile, l\u2019efficienza delle risorse e una migliore qualit\u00e0 della vita per tutti i residenti. Il progetto sfrutta tecnologie all\u2019avanguardia, processi decisionali basati sui dati e coinvolgimento della comunit\u00e0 per garantire un approccio olistico ed equilibrato allo sviluppo urbano.<\/p>\n<p>Obiettivi chiave:<\/p>\n<p>1. Sostenibilit\u00e0 ambientale: Arkadag Smart City d\u00e0 priorit\u00e0 alle pratiche ecocompatibili e alla gestione sostenibile delle risorse. Attraverso l\u2019integrazione delle energie rinnovabili, iniziative di termovalorizzazione, trasporti pubblici efficienti e progetti di bioedilizia, il progetto mira a ridurre significativamente l\u2019impronta di carbonio e l\u2019impatto ambientale.<br \/>\n2. Crescita inclusiva ed equit\u00e0 sociale: l&#8217;equit\u00e0 sociale \u00e8 un principio guida del progetto, garantendo che tutti i segmenti della societ\u00e0 possano beneficiare della crescita della citt\u00e0. Alloggi a prezzi accessibili, infrastrutture accessibili, strutture sanitarie e opportunit\u00e0 educative sono componenti chiave per promuovere un senso di appartenenza e migliorare il benessere generale della comunit\u00e0.<br \/>\n3. Progresso tecnologico: abbracciando il potere della tecnologia, Arkadag Smart City integra l&#8217;Internet delle cose (IoT), l&#8217;intelligenza artificiale (AI) e l&#8217;analisi dei dati per ottimizzare i servizi cittadini. Le reti intelligenti, i sistemi intelligenti di gestione del traffico e le soluzioni di manutenzione predittiva vengono implementate per migliorare l\u2019efficienza e ridurre il consumo energetico.<br \/>\n4. Diversificazione economica e creazione di posti di lavoro: il progetto mira ad attrarre investimenti e coltivare un\u2019economia diversificata che promuova l\u2019innovazione e l\u2019imprenditorialit\u00e0. Promuovendo industrie come l\u2019energia pulita, la tecnologia digitale e l\u2019agricoltura sostenibile, la citt\u00e0 diventa un centro di crescita economica e opportunit\u00e0 di lavoro.<br \/>\n5. Partecipazione della comunit\u00e0: un processo decisionale inclusivo consente ai residenti di partecipare attivamente alla definizione dello sviluppo della citt\u00e0. Le riunioni regolari dei municipi, i meccanismi di feedback dei cittadini e le piattaforme digitali consentono un approccio trasparente e collaborativo alla governance.<br \/>\n6. Resilienza e gestione dei disastri: per salvaguardarsi da potenziali minacce, Arkadag Smart City investe in solide misure di preparazione e risposta alle catastrofi. Strategie di adattamento climatico, sistemi di allarme rapido e infrastrutture resilienti vengono implementate per proteggere la citt\u00e0 e i suoi abitanti da eventi avversi.<br \/>\n7. Privacy e sicurezza dei dati: riconoscere l\u2019importanza della privacy dei dati, il progetto d\u00e0 priorit\u00e0 a solide misure di sicurezza informatica per salvaguardare le informazioni personali e garantire la riservatezza dei dati critici. Il progetto Arkadag Smart City funge da faro di speranza e ispirazione per altri centri urbani in tutto il mondo, dimostrando che le citt\u00e0 intelligenti, sostenibili e inclusive non sono solo possibili ma anche essenziali per un futuro migliore. Promuovendo la collaborazione e lo scambio di conoscenze, il progetto mira a contribuire in modo significativo al raggiungimento degli obiettivi di sviluppo sostenibile e ad inaugurare una nuova era di sviluppo sostenibile globale.<\/p>\n<p>&nbsp;<\/p>\n<p>&nbsp;<\/p>\n<p>&nbsp;<\/p>\n<p>&nbsp;<\/p>\n<p>&nbsp;<\/p>\n<p>&nbsp;<\/p>\n<p>&nbsp;<\/p>\n<p>&nbsp;<\/p>\n<p>&nbsp;<\/p>\n<p>&nbsp;<\/p>\n<p>&nbsp;<\/p>\n<p>&nbsp;<\/p>\n<p>&nbsp;<\/p>\n<p>&nbsp;<\/p>\n<p>&nbsp;<\/p>\n<p>&nbsp;<\/p>\n<p>&nbsp;<\/p>\n<p>&nbsp;<\/p>\n<p>Ultimo aggiornamento: 1 marzo 2024<\/p>\n","protected":false},"excerpt":{"rendered":"Arkadag \u00e8 la nuova capitale regionale della provincia meridionale di Ahal, vicino al confine con l&#8217;Iran e a 30 km dalla capitale nazionale, Ashgabat. Il 29 giugno 2023 una imponente cerimonia di apertura, alla presenza del presidente Serdar Berdymukhamedov, ha ufficialmente inaugurato la futuristica smart city chiamata Arkadag, o \u201cProtettore\u201d, in riferimento al suo precedente [&hellip;]","protected":false},"author":6,"featured_media":0,"parent":43,"menu_order":8,"comment_status":"closed","ping_status":"closed","template":"","meta":{"footnotes":""},"class_list":["post-2238","page","type-page","status-publish","hentry"],"_links":{"self":[{"href":"https:\/\/ambashgabat.esteri.it\/it\/wp-json\/wp\/v2\/pages\/2238","targetHints":{"allow":["GET"]}}],"collection":[{"href":"https:\/\/ambashgabat.esteri.it\/it\/wp-json\/wp\/v2\/pages"}],"about":[{"href":"https:\/\/ambashgabat.esteri.it\/it\/wp-json\/wp\/v2\/types\/page"}],"author":[{"embeddable":true,"href":"https:\/\/ambashgabat.esteri.it\/it\/wp-json\/wp\/v2\/users\/6"}],"replies":[{"embeddable":true,"href":"https:\/\/ambashgabat.esteri.it\/it\/wp-json\/wp\/v2\/comments?post=2238"}],"version-history":[{"count":3,"href":"https:\/\/ambashgabat.esteri.it\/it\/wp-json\/wp\/v2\/pages\/2238\/revisions"}],"predecessor-version":[{"id":2250,"href":"https:\/\/ambashgabat.esteri.it\/it\/wp-json\/wp\/v2\/pages\/2238\/revisions\/2250"}],"up":[{"embeddable":true,"href":"https:\/\/ambashgabat.esteri.it\/it\/wp-json\/wp\/v2\/pages\/43"}],"wp:attachment":[{"href":"https:\/\/ambashgabat.esteri.it\/it\/wp-json\/wp\/v2\/media?parent=2238"}],"curies":[{"name":"wp","href":"https:\/\/api.w.org\/{rel}","templated":true}]}}