{"id":15,"date":"2023-04-11T17:08:57","date_gmt":"2023-04-11T15:08:57","guid":{"rendered":"https:\/\/ambasciatapraga.esteri.it\/?page_id=15"},"modified":"2025-05-01T15:14:17","modified_gmt":"2025-05-01T10:14:17","slug":"servizi-consolari-e-visti","status":"publish","type":"page","link":"https:\/\/ambashgabat.esteri.it\/it\/servizi-consolari-e-visti\/","title":{"rendered":"Servizi Consolari e Visti"},"content":{"rendered":"<p><strong>RICHIESTE DI APPUNTAMENTO<\/strong><\/p>\n<p>Dal 1\u00b0 gennaio 2024 gli appuntamenti per l&#8217;Ufficio Visti e tutti i Servizi Consolari forniti dall&#8217;Ambasciata d&#8217;Italia ad Ashgabat devono essere fissati attraverso il Portale Prenot@mi, a <a href=\"https:\/\/prenotami.esteri.it\">https:\/\/prenotami.esteri.it<\/a>, disponibile 24 ore su 24, 7 giorni su 7 e completamente gratuito.<\/p>\n<p>Questa nuova funzionalit\u00e0 sar\u00e0 disponibile dal 18 dicembre 2023 per gli appuntamenti a partire dal 2 gennaio 2024, mentre gli appuntamenti per il restante periodo del 2023 potranno continuare ad essere richiesti via email o telefono.<\/p>\n<p><strong>RICHIESTE INFORMAZIONI<\/strong><\/p>\n<p>Scrivi all&#8217;indirizzo email: <a href=\"mailto:ashgabat.visti@esteri.it\">ashgabat.visti@esteri.it<\/a><\/p>\n<p>Oppure chiama il numero: +993 12 368910 (marted\u00ec, mercoled\u00ec e gioved\u00ec dalle 16:00 alle 17:00)<\/p>\n<p><strong>Si prega di non chiamare al di fuori degli orari indicati.<\/strong><\/p>\n<p>Le nostre rappresentanze diplomatico-consolari hanno il compito di assicurare la tutela degli interessi italiani all&#8217;estero e offrono diversi servizi.<\/p>\n<p>I servizi offerti devono essere forniti secondo principi di eguaglianza, imparzialit\u00e0, efficienza e trasparenza, avendo come obiettivo la tutela dei cittadini italiani rispetto ai diritti fondamentali ed alla libert\u00e0 personale.<\/p>\n<p>La tutela riguarda, ad esempio, i casi di decesso, incidente, malattia grave, arresto o detenzione, atti di violenza, assistenza in caso di crisi gravi (catastrofi naturali, disordini civili, conflitti armati, ecc.), rilascio di documenti di viaggio d\u2019emergenza causa perdita o furto del passaporto.<\/p>\n<p>Per ulteriori informazioni si rimanda alla sezione dedicata ai\u00a0servizi consolari del<a href=\"https:\/\/www.esteri.it\/it\/servizi-consolari-e-visti\/italiani-all-estero\/\"> sito del MAECI<\/a><\/p>\n<p><a href=\"https:\/\/ambashgabat.esteri.it\/wp-content\/uploads\/2023\/11\/informativa_tdp_per_servizi_consolari.pdf\" target=\"_blank\" rel=\"noopener\">Informativa sulla protezione delle persone fisiche con riguardo al trattamento dei dati personali ai fini dell\u2019erogazione dei servizi consolari (ad esclusione del rilascio dei visti e delle pratiche di cittadinanza) (Regolamento Generale sulla Protezione dei Dati (UE) 2016\/679, art. 13).<\/a><\/p>\n<p>&nbsp;<\/p>\n<p>&nbsp;<\/p>\n","protected":false},"excerpt":{"rendered":"RICHIESTE DI APPUNTAMENTO Dal 1\u00b0 gennaio 2024 gli appuntamenti per l&#8217;Ufficio Visti e tutti i Servizi Consolari forniti dall&#8217;Ambasciata d&#8217;Italia ad Ashgabat devono essere fissati attraverso il Portale Prenot@mi, a https:\/\/prenotami.esteri.it, disponibile 24 ore su 24, 7 giorni su 7 e completamente gratuito. Questa nuova funzionalit\u00e0 sar\u00e0 disponibile dal 18 dicembre 2023 per gli appuntamenti [&hellip;]","protected":false},"author":1,"featured_media":0,"parent":0,"menu_order":6,"comment_status":"closed","ping_status":"closed","template":"","meta":{"footnotes":""},"class_list":["post-15","page","type-page","status-publish","hentry"],"_links":{"self":[{"href":"https:\/\/ambashgabat.esteri.it\/it\/wp-json\/wp\/v2\/pages\/15","targetHints":{"allow":["GET"]}}],"collection":[{"href":"https:\/\/ambashgabat.esteri.it\/it\/wp-json\/wp\/v2\/pages"}],"about":[{"href":"https:\/\/ambashgabat.esteri.it\/it\/wp-json\/wp\/v2\/types\/page"}],"author":[{"embeddable":true,"href":"https:\/\/ambashgabat.esteri.it\/it\/wp-json\/wp\/v2\/users\/1"}],"replies":[{"embeddable":true,"href":"https:\/\/ambashgabat.esteri.it\/it\/wp-json\/wp\/v2\/comments?post=15"}],"version-history":[{"count":7,"href":"https:\/\/ambashgabat.esteri.it\/it\/wp-json\/wp\/v2\/pages\/15\/revisions"}],"predecessor-version":[{"id":8946,"href":"https:\/\/ambashgabat.esteri.it\/it\/wp-json\/wp\/v2\/pages\/15\/revisions\/8946"}],"wp:attachment":[{"href":"https:\/\/ambashgabat.esteri.it\/it\/wp-json\/wp\/v2\/media?parent=15"}],"curies":[{"name":"wp","href":"https:\/\/api.w.org\/{rel}","templated":true}]}}